{"id":129,"date":"2017-02-01T09:31:49","date_gmt":"2017-02-01T09:31:49","guid":{"rendered":"http:\/\/themes.quitenicestuff2.com\/chauffeurwp\/demo\/?page_id=129"},"modified":"2021-02-15T18:03:25","modified_gmt":"2021-02-15T17:03:25","slug":"limousine-societe","status":"publish","type":"page","link":"https:\/\/staging.genevaways.com\/fr\/limousine-societe\/","title":{"rendered":"Notre Soci\u00e9t\u00e9"},"content":{"rendered":"<div class=\"wpb-content-wrapper\"><p>[vc_row][vc_column width=\u00a0\u00bb1\/2&Prime;]<h4>Notre Soci\u00e9t\u00e9 <\/h4><div class=\"title-block7\"><\/div>[vc_column_text]<strong>Geneva Ways soci\u00e9t\u00e9 suisse Bas\u00e9 a Geneve<\/strong> , sp\u00e9cialis\u00e9es dans transport priv\u00e9 de personnes a Geneve sp\u00e9cialis\u00e9e dans le transport d\u2019affaires , le transport de loisirs et de location de voitures avec chauffeurs priv\u00e9 a Geneve et Zurich. <a href=\"https:\/\/genevaways.com\/fr\/transfert-geneve-aeroport\/\">Transfert de Geneve ou Zurich <\/a>.\u00a0<a href=\"https:\/\/genevaways.com\/fr\/service-limousine-a-geneve\/\">Service Limousine \u00e0 Gen\u00e8ve ou Zurich <\/a>\u00a0 ( Jet Aviation . TAG Aviation . RUAG .PrivatAir ) en passant par tout suisse a\u00a0 France &amp; Allemagne &amp; Italie , elle vous propose un service d\u2019exception, professionnel et discret, qui est \u00e0 votre enti\u00e8re disposition pour vos transferts r\u00e9guliers ou ponctuels .<\/p>\n<p>Geneva Ways est le principal service de limousine de luxe avec chauffeur a Geneve et Zurich que nous fournissons sont les Mercedes de :<\/p>\n<p><a href=\"https:\/\/genevaways.com\/fr\/fleet\/mercedes-benz-e-class\/\">1-Mercedes- Benz E-Class Business Class with driver ( Geneva Service Limousine )<\/a><\/p>\n<p><a href=\"https:\/\/genevaways.com\/fr\/fleet\/mercedes-v-class\/\">2-Mercedes- Benz V-Class VAN SUV with driver ( Geneva Service Limousine )<\/a><\/p>\n<p><a href=\"https:\/\/genevaways.com\/fr\/fleet\/mercedes-benz-s-class\/\">3-Mercedes- Benz S-Class First Class with driver ( Geneva Service Limousine )<\/a><\/p>\n<p><a href=\"https:\/\/genevaways.com\/fr\/fleet\/mercedes-maybach\/\">4-Mercedes Maybach Top Luxury Class with driver ( Geneva Service Limousine )<\/a><\/p>\n<p><a href=\"https:\/\/genevaways.com\/fr\/fleet\/sprinter-minibus\/\">5-Mercedes- Benz Sprinter Minibus 16 Pax with driver ( Geneva Service Transfers )<\/a><\/p>\n<p><strong>Geneva limousine vous donne la possibilite Book en-linge votre course service Limousine a Geneve ou Transferts a ou de Geneve avant deux heure m\u00eame jour<\/strong> . Lors de votre r\u00e9servation les prix sont connus \u00e0 l\u2019avance, garantis et fixes. Avec notre service transfert de Geneve profitez \u00e0 tout moment d\u2019un v\u00e9hicule haut de gamme avec chauffeur a Geneve pour vos d\u00e9placements priv\u00e9s ou professionnels.<\/p>\n<p><strong>Notre service de mise \u00e0 disposition de v\u00e9hicules haut de gamme avec chauffeur a Geneve &amp; Zurich<\/strong> vous offre la libert\u00e9 de d\u00e9finir o\u00f9, quand, comment, et avec qui vous vous d\u00e9placez pour la dur\u00e9e de votre choix. Nous vous proposons des mises \u00e0 disposition \u00e0 l\u2019heure, \u00e0 la journ\u00e9e, \u00e0 la semaine et m\u00eame au mois pour b\u00e9n\u00e9ficier 24h\/24 de la qualit\u00e9 et de l\u2019exp\u00e9rience de nos chauffeurs a Geneve qualifi\u00e9s pour votre bien-\u00eatre. Essentiellement orient\u00e9e vers les prestations luxueuses, Geneva transferts met tout en \u0153uvre pour satisfaire vos envies et vos besoins.<\/p>\n<p><strong>Pour vos transferts a Suisse et vos d\u00e9placements a de plus longue dur\u00e9e , Geneva Limousine met \u00e0 votre disposition haut de gamme des v\u00e9hicules avec des chauffeurs a Geneve<\/strong> qualifi\u00e9s, bilingues, \u00e9l\u00e9gants, courtois et discrets. Nos collaborateurs seront \u00e0 votre \u00e9coute et \u00e0 votre enti\u00e8re disposition durant toute la prestation. Nos luxury voitures avec chauffeur a Geneve , mises \u00e0 votre disposition, font l\u2019objet d une attention particuli\u00e8re, pour vous garantir une qualit\u00e9 de service unique. Confort, s\u00e9curit\u00e9 et confidentialit\u00e9 sont de rigueurs. Nous pouvons mettre en place un service de chauffeurs s\u00e9curit\u00e9 qualifi\u00e9s et un service de protection rapproch\u00e9e. le professionnalisme de nos chauffeurs a Geneve confirm\u00e9s s\u2019allie \u00e0 la rigueur d\u2019une r\u00e9activit\u00e9 quotidienne pour faire de votre trajet ou m\u00eame de votre s\u00e9jour, un moment d\u2019exception.<\/p>\n<p><strong>Que vos d\u00e9placements soient d\u2019ordre priv\u00e9 ou professionnel a Geneve ou a Zurich<\/strong> , nous vous accompagnons durant votre s\u00e9jour a Suisse et nous organisons vos d\u00e9placements avec ce souci du d\u00e9tail propre \u00e0 l\u2019esprit de notre groupe. Vous satisfaire, quels que soient vos imp\u00e9ratifs, et prendre soin de vous et de vos proches ou collaborateurs font partie int\u00e9grante de notre philosophie. Notre devise ? Vous accompagner et vous soutenir. Notre objectif est de vous simplifiez la vie et vous faire gagner du temps, devenu si pr\u00e9cieux . l\u2019organisation de votre s\u00e9jour et de vos moyens de transports, la mise en place de vos activit\u00e9s et de vos loisirs. Nous vous accompagnons au quotidien pour vous lib\u00e9rer de toutes vos obligations.<\/p>\n<p><strong>Nous mettons tout en \u0153uvre, pour que tous vos d\u00e9placements Transferts de Geneve ou Limousine service en Suisse<\/strong> deviennent un pur moment de d\u00e9tente. Que ce soit pour un voyage d\u2019affaire, un d\u00e9placement priv\u00e9, un transfert ou bien une excursion touristique en Suisse , nos prestations seront \u00e0 la hauteur de vos exigences. Geneva Limousine met \u00e0 votre disposition des v\u00e9hicules avec chauffeur priv\u00e9 a Geneve ainsi qu\u2019une une gamme compl\u00e8te de services.<\/p>\n<p><strong>Geneva ways limousine Disponibles et enti\u00e8rement \u00e0 votre \u00e9coute<\/strong>, nous saurons vous apporter les meilleures r\u00e9ponses afin de pouvoir r\u00e9pondre \u00e0 chacune de vos attentes. Notre principale motivation est votre enti\u00e8re satisfaction et la r\u00e9ussite compl\u00e8te de votre s\u00e9jour. Confidentialit\u00e9, professionnalisme et rigueur sont les valeurs essentielles qui caract\u00e9risent notre soci\u00e9t\u00e9 : Geneva Limousine Votre Chauffeur Priv\u00e9 a Geneve &amp; Zurich .Transferts Priv\u00e9s a\u00e9roports Suisse , gares ferroviaires, h\u00f4tels, restaurant . Location de Voiture Limousine avec Chauffeur a Geneve . Votre Chauffeur Priv\u00e9 a Geneve . Transferts de Geneve ou Zurich . Service Chauffeur s\u00e9curit\u00e9 et Service de protection rapproch\u00e9e a Geneve.<\/p>\n<p><strong>Geneva Limousine offre aux particuliers et entreprises un service personnalis\u00e9 de location de voiture avec chauffeur a Geneve<\/strong> .Nos chauffeurs sont s\u00e9lectionn\u00e9s avec attention et font preuve d\u2019une grande discr\u00e9tion garantissant votre tranquillit\u00e9 et la confidentialit\u00e9 de tous vos d\u00e9placements a Suisse .Pour vous offrir une parenth\u00e8se d\u2019excellence, En quelques clics, choisissez votre destination et votre v\u00e9hicule puis r\u00e9servez en toute simplicit\u00e9 votre transfert de Geneve ou Zurich . Vous souhaitez un mod\u00e8le de voiture sp\u00e9cifique avec chauffeur priv\u00e9 a Geneve , n\u2019h\u00e9sitez pas \u00e0 nous contacter .[\/vc_column_text][vc_column_text]<!--[gallery columns=\"2\" link=\"file\" ids=\"132,133,134,135\"]\n\n-->[\/vc_column_text][\/vc_column][vc_column width=\u00a0\u00bb1\/2&Prime;][vc_single_image image=\u00a0\u00bb1962&Prime; img_size=\u00a0\u00bbfull\u00a0\u00bb alignment=\u00a0\u00bbcenter\u00a0\u00bb][vc_gallery type=\u00a0\u00bbimage_grid\u00a0\u00bb images=\u00a0\u00bb2373&Prime; img_size=\u00a0\u00bbfull\u00a0\u00bb onclick=\u00a0\u00bb\u00a0\u00bb][vc_gallery type=\u00a0\u00bbimage_grid\u00a0\u00bb images=\u00a0\u00bb2359&Prime; img_size=\u00a0\u00bblarge\u00a0\u00bb][vc_gallery type=\u00a0\u00bbimage_grid\u00a0\u00bb images=\u00a0\u00bb2250&Prime; img_size=\u00a0\u00bblarge\u00a0\u00bb][vc_gallery type=\u00a0\u00bbimage_grid\u00a0\u00bb images=\u00a0\u00bb2244&Prime; img_size=\u00a0\u00bbfull\u00a0\u00bb onclick=\u00a0\u00bb\u00a0\u00bb][\/vc_column][\/vc_row][vc_row][vc_column][vc_empty_space][\/vc_column][\/vc_row]<\/p>\n<\/div>","protected":false},"excerpt":{"rendered":"<p>[vc_row][vc_column width=\u00a0\u00bb1\/2&Prime;][vc_column_text]Geneva Ways soci\u00e9t\u00e9 suisse Bas\u00e9 a Geneve , sp\u00e9cialis\u00e9es dans transport priv\u00e9 de personnes a Geneve sp\u00e9cialis\u00e9e dans le transport d\u2019affaires , le transport de loisirs et de location de voitures avec chauffeurs priv\u00e9 a Geneve et Zurich. Transfert de Geneve ou Zurich .\u00a0Service Limousine \u00e0 Gen\u00e8ve ou Zurich \u00a0 ( Jet Aviation .<\/p>\n","protected":false},"author":1,"featured_media":992,"parent":0,"menu_order":0,"comment_status":"closed","ping_status":"closed","template":"","meta":{"footnotes":""},"aioseo_notices":[],"_links":{"self":[{"href":"https:\/\/staging.genevaways.com\/fr\/wp-json\/wp\/v2\/pages\/129"}],"collection":[{"href":"https:\/\/staging.genevaways.com\/fr\/wp-json\/wp\/v2\/pages"}],"about":[{"href":"https:\/\/staging.genevaways.com\/fr\/wp-json\/wp\/v2\/types\/page"}],"author":[{"embeddable":true,"href":"https:\/\/staging.genevaways.com\/fr\/wp-json\/wp\/v2\/users\/1"}],"replies":[{"embeddable":true,"href":"https:\/\/staging.genevaways.com\/fr\/wp-json\/wp\/v2\/comments?post=129"}],"version-history":[{"count":22,"href":"https:\/\/staging.genevaways.com\/fr\/wp-json\/wp\/v2\/pages\/129\/revisions"}],"predecessor-version":[{"id":2322,"href":"https:\/\/staging.genevaways.com\/fr\/wp-json\/wp\/v2\/pages\/129\/revisions\/2322"}],"wp:featuredmedia":[{"embeddable":true,"href":"https:\/\/staging.genevaways.com\/fr\/wp-json\/wp\/v2\/media\/992"}],"wp:attachment":[{"href":"https:\/\/staging.genevaways.com\/fr\/wp-json\/wp\/v2\/media?parent=129"}],"curies":[{"name":"wp","href":"https:\/\/api.w.org\/{rel}","templated":true}]}}