{"id":1369,"date":"2019-02-26T17:32:44","date_gmt":"2019-02-26T16:32:44","guid":{"rendered":"https:\/\/genevaways.com\/events-mariages\/"},"modified":"2021-02-17T10:27:17","modified_gmt":"2021-02-17T09:27:17","slug":"service-limousine-a-geneve","status":"publish","type":"page","link":"https:\/\/staging.genevaways.com\/fr\/service-limousine-a-geneve\/","title":{"rendered":"Service Limousine \u00e0 Gen\u00e8ve"},"content":{"rendered":"<div class=\"wpb-content-wrapper\"><p>[vc_row][vc_column]<h4>Service Limousine a Geneve<\/h4><div class=\"title-block7\"><\/div>[vc_column_text]<strong>Avec plus de 12 ans d\u2019exp\u00e9rience dans la Service Limousine a Geneve et location de voitures de luxe avec chauffeurs au Suisse<\/strong> , Geneve Limousine Service s\u2019engage \u00e0 vous satisfaire pleinement dans le transport de personnes a Geneve &amp; Zurich tant professionnel que particulier. Geneva Ways Limousine Service est suisse soci\u00e9t\u00e9 Bas\u00e9 a Geneve, sp\u00e9cialis\u00e9es dans Service Limousine et transfert de Gen\u00e8ve A\u00e9roport.<\/p>\n<p><strong>Geneva Limousine Service vous permet de r\u00e9server une limousine avec chauffeur a Geneve et Zurich<\/strong> . Le service comprend diff\u00e9rentes formules selon les gammes de v\u00e9hicules avec chauffeur a Geneve , de la Mercedes-Benz avec chauffeur a Geneve et Zurich . en passant par la location de minibus Mercedes-Sprinter avec chauffeur a<img loading=\"lazy\" decoding=\"async\" class=\" wp-image-1965 alignright\" src=\"https:\/\/genevaways.com\/wp-content\/uploads\/2021\/01\/Service-Limousine-Geneva-Airport-www.Genevaways.com_-300x225.jpg\" alt=\"\" width=\"400\" height=\"300\" srcset=\"https:\/\/staging.genevaways.com\/wp-content\/uploads\/2021\/01\/Service-Limousine-Geneva-Airport-www.Genevaways.com_-300x225.jpg 300w, https:\/\/staging.genevaways.com\/wp-content\/uploads\/2021\/01\/Service-Limousine-Geneva-Airport-www.Genevaways.com_-100x75.jpg 100w, https:\/\/staging.genevaways.com\/wp-content\/uploads\/2021\/01\/Service-Limousine-Geneva-Airport-www.Genevaways.com_.jpg 640w\" sizes=\"(max-width: 400px) 100vw, 400px\" \/> Geneve (16 places).<\/p>\n<p><strong><a title=\"1-Mercedes- Benz E-Class Business Class with driver ( Geneva Service Limousine )\" href=\"https:\/\/genevaways.com\/fr\/fleet\/mercedes-benz-e-class\/\">1-Mercedes- Benz E-Class Business Class with driver ( Geneva Service Limousine )<\/a><\/strong><\/p>\n<p><strong><a title=\"2-Mercedes- Benz V-Class VAN SUV with driver ( Geneva Service Limousine )\" href=\"https:\/\/genevaways.com\/fr\/fleet\/mercedes-v-class\/\">2-Mercedes- Benz V-Class VAN SUV with driver ( Geneva Service Limousine )<\/a><\/strong><\/p>\n<p><strong><a title=\"3-Mercedes- Benz S-Class First Class with driver ( Geneva Service Limousine )\" href=\"https:\/\/genevaways.com\/fr\/fleet\/mercedes-benz-s-class\/\">3-Mercedes- Benz S-Class First Class with driver ( Geneva Service Limousine )<\/a><\/strong><\/p>\n<p><strong><a title=\"4-Mercedes- Benz MayBach Top Luxury Class with driver ( Geneva Service Limousine )\" href=\"https:\/\/genevaways.com\/fr\/fleet\/mercedes-maybach\/\">4-Mercedes- Benz MayBach Top Luxury Class with driver ( Geneva Service Limousine )<\/a><\/strong><\/p>\n<p><strong><a title=\"5-Mercedes- Benz Sprinter Minibus 16 Pax with driver ( Geneva Service Transfers )\" href=\"https:\/\/genevaways.com\/fr\/fleet\/sprinter-minibus\/\">5-Mercedes- Benz Sprinter Minibus 16 Pax with driver ( Geneva Service Transfers )<\/a><\/strong><\/p>\n<p><strong>Geneva Ways Limousine Service , vous garanti un service de transports de grande qualit\u00e9 en particulier Transfert de ou a Geneve et tout la Suisse<\/strong> .Votre transport a Geneve ou Zurich est planifi\u00e9 en fonction de vos besoins et anticip\u00e9s par nos soins, ne pensez plus \u00e0 rien, nous nous occupons de tout.<\/p>\n<p><img loading=\"lazy\" decoding=\"async\" class=\"wp-image-2181 alignright\" src=\"https:\/\/genevaways.com\/wp-content\/uploads\/2021\/01\/Transfer-from-Geneva-To-Zurich-www.Genevaways.com_-2-300x258.jpg\" alt=\"\" width=\"380\" height=\"327\" srcset=\"https:\/\/staging.genevaways.com\/wp-content\/uploads\/2021\/01\/Transfer-from-Geneva-To-Zurich-www.Genevaways.com_-2-300x258.jpg 300w, https:\/\/staging.genevaways.com\/wp-content\/uploads\/2021\/01\/Transfer-from-Geneva-To-Zurich-www.Genevaways.com_-2-100x86.jpg 100w, https:\/\/staging.genevaways.com\/wp-content\/uploads\/2021\/01\/Transfer-from-Geneva-To-Zurich-www.Genevaways.com_-2.jpg 480w\" sizes=\"(max-width: 380px) 100vw, 380px\" \/><\/p>\n<p><strong>Le service Limousine a Geneve optimise votre temps<\/strong> votre chauffeur priv\u00e9 a Geneve ou Zurich reste \u00e0 votre disposition pendant toute la dur\u00e9e de la prestation.Dans le cadre de notre service Limousine a Suisse , votre chauffeur Priv\u00e9 a Geneve ou Zurich vous accueillera et vous d\u00e9posera en fin de mission \u00e0 votre lieu de convenance d\u00e9fini lors de votre r\u00e9servation a Geneve et Toute la Suisse (entreprise, a\u00e9roport\/gare, domicile, h\u00f4tel , restaurant\u2026).<br \/>\n<strong>Cherche chauffeur priv\u00e9 \u00e0 Gen\u00e8ve ou Zurich Le service limousine<\/strong> avec Geneva ways limousine est la solution id\u00e9ale \u00e0 tous vos d\u00e9placements individuels ou en groupe .Ce service s\u2019applique \u00e0 tous vos d\u00e9placements n\u00e9cessitant une plus grande disponibilit\u00e9 de la part de votre priv\u00e9 chauffeur a Suisse .<br \/>\n<strong>Geneva Limousine, met au service des entreprises et des particuliers<\/strong>, des v\u00e9hicules haut de gamme avec chauffeurs a Geneve dans le cadre de tourisme d\u2019affaires, s\u00e9minaires, meeting, congr\u00e8s, \u00e9v\u00e9nementiel, convention et voyages de loisir a Suisse .Pour votre s\u00e9curit\u00e9, \u00e0 votre demande, nous organisons et mettons en place un service rapproch\u00e9 de s\u00e9curit\u00e9.<\/p>\n<p><strong>Geneva ways Limousine Service , sp\u00e9cialiste du transport priv\u00e9 a Geneve de personnes <\/strong>vous assure confort et s\u00e9curit\u00e9 pour chacun de vos d\u00e9placements en Suisse . Nous mettons \u00e0 votre disposition un service de location de voitures haut de gamme a Geneve ainsi que des chauffeurs raffin\u00e9s et qualifi\u00e9s a Suisse . Votre Chauffeur priv\u00e9 Suisse vous prendra en charge \u00e0 l\u2019adresse indiqu\u00e9e et r\u00e9alisera votre transfert dans les r\u00e8gles de l\u2019art.<\/p>\n<p><img loading=\"lazy\" decoding=\"async\" class=\" wp-image-2250 alignright\" src=\"https:\/\/genevaways.com\/wp-content\/uploads\/2021\/01\/Geneva-Van-VIP-service-1-300x225.jpg\" alt=\"\" width=\"380\" height=\"285\" srcset=\"https:\/\/staging.genevaways.com\/wp-content\/uploads\/2021\/01\/Geneva-Van-VIP-service-1-300x225.jpg 300w, https:\/\/staging.genevaways.com\/wp-content\/uploads\/2021\/01\/Geneva-Van-VIP-service-1-100x75.jpg 100w, https:\/\/staging.genevaways.com\/wp-content\/uploads\/2021\/01\/Geneva-Van-VIP-service-1.jpg 640w\" sizes=\"(max-width: 380px) 100vw, 380px\" \/><\/p>\n<p><strong>Geneva Ways Limousine Service est une soci\u00e9t\u00e9 de location de voiture avec Chauffeur a Geneve &amp; Limousine avec chauffeur priv\u00e9 a Geneve et Zurich<\/strong> . Nous sommes disponibles 24\/24 et enti\u00e8rement \u00e0 votre \u00e9coute. Limousine Chauffeur Service a Geneve ou Zurich est la solution id\u00e9ale pour tous vos d\u00e9placements priv\u00e9s et professionnels. Planifi\u00e9 en fonction de vos besoins et anticip\u00e9 par nos soins (prise en compte de l\u2019\u00e9tat du trafic routier), le service limousine a Suisse optimise votre temps Geneva ou Zurich.<\/p>\n<p><strong>Nous mettons \u00e0 votre disposition notre excellent service de limousine avec chauffeur a Geneve ou Zurich<\/strong> ,services de limousine a Geneve traditionnels comme transferts des a\u00e9roports Suisse , villas, bateaux, h\u00f4tels ou de votre r\u00e9sidence vers la destination de votre choix ainsi que des trajets priv\u00e9s avec chauffeur priv\u00e9 a Geneve ou Zurich .Service de navette, logistique \u00e9v\u00e9nementielle, transferts a\u00e9roport Geneve et h\u00f4tel, sorties d\u2019entreprises. ( SIHH , Salon international de l\u2019automobile de Gen\u00e8ve , Ebaece , Davos , Basel World ,tout les conf\u00e9rence diplomate a Geneve ) service professionnel tr\u00e8s haut-de-gamme et sur-mesure, disponible 24\/24h et 365 jours\/an.<\/p>\n<p><img loading=\"lazy\" decoding=\"async\" class=\"alignright wp-image-2208\" src=\"https:\/\/genevaways.com\/wp-content\/uploads\/2021\/01\/Service-Limo-in-Geneva-www.Genevaways.com_-1.jpg\" alt=\"\" width=\"380\" height=\"287\" srcset=\"https:\/\/staging.genevaways.com\/wp-content\/uploads\/2021\/01\/Service-Limo-in-Geneva-www.Genevaways.com_-1.jpg 480w, https:\/\/staging.genevaways.com\/wp-content\/uploads\/2021\/01\/Service-Limo-in-Geneva-www.Genevaways.com_-1-300x227.jpg 300w, https:\/\/staging.genevaways.com\/wp-content\/uploads\/2021\/01\/Service-Limo-in-Geneva-www.Genevaways.com_-1-100x76.jpg 100w\" sizes=\"(max-width: 380px) 100vw, 380px\" \/><\/p>\n<p><strong>Nos chauffeurs priv\u00e9 a Geneve sont \u00e0 l\u2019\u00e9coute de vos souhaits pour vous apporter le meilleur service<\/strong>\u00a0 Accueil VIP aux a\u00e9roports de Geneve Service Limousine .Lors de l\u2019organisation de votre prochain \u00e9v\u00e9nement d\u2019entreprise, Geneva Ways est l\u00e0 pour planifier et r\u00e9aliser vos besoins en mati\u00e8re de transport a Geneve . Qu\u2019importe la taille ou le type d\u2019\u00e9v\u00e9nement que vous planifiez, vous recevrez une aide logistique d\u2019expert. Notre entreprise est dirig\u00e9e par une \u00e9quipe de management habitu\u00e9e \u00e0 r\u00e9pondre et organiser les demandes d\u2019une client\u00e8le multinationale exigeante.<\/p>\n<p><strong>Gr\u00e2ce \u00e0 notre exp\u00e9rience<\/strong>, nous sommes aujourd\u2019hui une r\u00e9f\u00e9rence dans l\u2019organisation d\u2019\u00e9v\u00e9nements tels que s\u00e9minaires d\u2019entreprise, conseils d\u2019administration, congr\u00e8s ou r\u00e9unions d\u2019affaires. Pour demande devis envoyez nous email a info@genevaways.com et Votre programme ,<\/p>\n<p><strong>Estimation gratuite et rapide .<\/strong>[\/vc_column_text]<h4>Mariages<\/h4><div class=\"title-block7\"><\/div>[vc_column_text]Vivez des moments inoubliables avec le service de Geneva Ways<img loading=\"lazy\" decoding=\"async\" class=\" wp-image-2583 alignright\" src=\"https:\/\/genevaways.com\/wp-content\/uploads\/2021\/02\/Transfers-From-Geneva-1.jpg\" alt=\"\" width=\"400\" height=\"300\" srcset=\"https:\/\/staging.genevaways.com\/wp-content\/uploads\/2021\/02\/Transfers-From-Geneva-1.jpg 640w, https:\/\/staging.genevaways.com\/wp-content\/uploads\/2021\/02\/Transfers-From-Geneva-1-300x225.jpg 300w, https:\/\/staging.genevaways.com\/wp-content\/uploads\/2021\/02\/Transfers-From-Geneva-1-100x75.jpg 100w\" sizes=\"(max-width: 400px) 100vw, 400px\" \/><\/p>\n<p>Les mariages devraient \u00eatre les plus beaux jours de nos vies \u2013 assurez-vous de ne pas oublier votre limousine pour vous y amener. Bien qu\u2019il y ait des centaines de choses diff\u00e9rentes \u00e0 s\u2019inqui\u00e9ter, la location de la voiture avec chauffeur n\u2019a pas besoin d\u2019\u00eatre l\u2019une d\u2019elles. Notre flotte Geneva Ways se compose de nombreuses vari\u00e9t\u00e9s de berlines luxueuses\u00a0 qui feront de ce jour un moment m\u00e9morable. Quel que soit l\u2019\u00e9v\u00e9nement, vous pouvez vous assurer que tous vos invit\u00e9s\u00a0profitent d\u2019un service de voiture avec chauffeur \u00e0 destination et en provenance du lieu de l\u2019\u00e9v\u00e9nement.<\/p>\n<p>Pour demande devis envoyez nous email a <a href=\"mailto:info@genevaways.com\">info@genevaways.com<\/a> et Votre programme<\/p>\n<p>Estimation gratuite et rapide .[\/vc_column_text][vc_column_text][\/vc_column_text][\/vc_column][\/vc_row]<\/p>\n<\/div>","protected":false},"excerpt":{"rendered":"<p>[vc_row][vc_column][vc_column_text]Avec plus de 12 ans d\u2019exp\u00e9rience dans la Service Limousine a Geneve et location de voitures de luxe avec chauffeurs au Suisse , Geneve Limousine Service s\u2019engage \u00e0 vous satisfaire pleinement dans le transport de personnes a Geneve &amp; Zurich tant professionnel que particulier. Geneva Ways Limousine Service est suisse soci\u00e9t\u00e9 Bas\u00e9 a Geneve, sp\u00e9cialis\u00e9es<\/p>\n","protected":false},"author":1,"featured_media":998,"parent":0,"menu_order":0,"comment_status":"closed","ping_status":"closed","template":"","meta":{"footnotes":""},"aioseo_notices":[],"_links":{"self":[{"href":"https:\/\/staging.genevaways.com\/fr\/wp-json\/wp\/v2\/pages\/1369"}],"collection":[{"href":"https:\/\/staging.genevaways.com\/fr\/wp-json\/wp\/v2\/pages"}],"about":[{"href":"https:\/\/staging.genevaways.com\/fr\/wp-json\/wp\/v2\/types\/page"}],"author":[{"embeddable":true,"href":"https:\/\/staging.genevaways.com\/fr\/wp-json\/wp\/v2\/users\/1"}],"replies":[{"embeddable":true,"href":"https:\/\/staging.genevaways.com\/fr\/wp-json\/wp\/v2\/comments?post=1369"}],"version-history":[{"count":36,"href":"https:\/\/staging.genevaways.com\/fr\/wp-json\/wp\/v2\/pages\/1369\/revisions"}],"predecessor-version":[{"id":1915,"href":"https:\/\/staging.genevaways.com\/fr\/wp-json\/wp\/v2\/pages\/1369\/revisions\/1915"}],"wp:featuredmedia":[{"embeddable":true,"href":"https:\/\/staging.genevaways.com\/fr\/wp-json\/wp\/v2\/media\/998"}],"wp:attachment":[{"href":"https:\/\/staging.genevaways.com\/fr\/wp-json\/wp\/v2\/media?parent=1369"}],"curies":[{"name":"wp","href":"https:\/\/api.w.org\/{rel}","templated":true}]}}