{"id":1375,"date":"2019-02-21T15:17:19","date_gmt":"2019-02-21T14:17:19","guid":{"rendered":"https:\/\/genevaways.com\/transfert\/"},"modified":"2021-04-11T18:50:34","modified_gmt":"2021-04-11T16:50:34","slug":"transfert-geneve-aeroport","status":"publish","type":"page","link":"https:\/\/staging.genevaways.com\/fr\/transfert-geneve-aeroport\/","title":{"rendered":"Transfert de Gen\u00e8ve A\u00e9roport"},"content":{"rendered":"<div class=\"wpb-content-wrapper\"><p>[vc_row][vc_column]<h4>Transferts de Gen\u00e8ve A\u00e9roport<\/h4><div class=\"title-block7\"><\/div>[vc_column_text]<strong>Le service transfert l&rsquo;a\u00e9roport de Gen\u00e8ve et Zurich avec chauffeur priv\u00e9 est l\u2019une de nos principales sp\u00e9cialit\u00e9s.\u00a0<\/strong> Nous offrons le transport depuis et vers l\u2019a\u00e9roport de Gen\u00e8ve (GVA . Jet Aviation . TAG . PrivatPort\u00a0 ) dans une limousine haut de gamme par un chauffeur priv\u00e9 a Geneve , r\u00e9pondant \u00e0 toutes vos exigences \u00e0 des tarifs comp\u00e9titifs. Geneva ways Limousine Suisse soci\u00e9t\u00e9 Bas\u00e9 a Gen\u00e8ve . pr\u00e9s de l&rsquo;A\u00e9roport Gen\u00e8ve .<\/p>\n<p>les avantages votre r\u00e9servation Transferts ou service limousine a Geneve &amp; Zurich.<img loading=\"lazy\" decoding=\"async\" class=\" wp-image-2381 alignright\" src=\"https:\/\/genevaways.com\/wp-content\/uploads\/2021\/01\/book-limousine-from-Geneva-2.jpg\" alt=\"\" width=\"501\" height=\"376\" srcset=\"https:\/\/staging.genevaways.com\/wp-content\/uploads\/2021\/01\/book-limousine-from-Geneva-2.jpg 640w, https:\/\/staging.genevaways.com\/wp-content\/uploads\/2021\/01\/book-limousine-from-Geneva-2-300x225.jpg 300w, https:\/\/staging.genevaways.com\/wp-content\/uploads\/2021\/01\/book-limousine-from-Geneva-2-100x75.jpg 100w\" sizes=\"(max-width: 501px) 100vw, 501px\" \/><\/p>\n<p><strong>1- Gratuit 1 heurs d\u2019attente . pour tout les priv\u00e9s Transfert de Gen\u00e8ve A\u00e9roport .<\/strong><\/p>\n<p><strong>2- Annulation Gratuit . de tous les transports VIP en Geneve voir (Conditions ) .<\/strong><\/p>\n<p><strong>3- Des chauffeurs a Geneve exp\u00e9riment\u00e9s qui parlent bien l\u2019anglais. bien form\u00e9 .<\/strong><\/p>\n<p><strong>4- Assistance exclusive 24\/7 par t\u00e9l\u00e9phone et e-mail. 12 ans de service de qualit\u00e9 .<\/strong><\/p>\n<p><strong>5- Service de r\u00e9servation transferts de Geneve . Un calculateur de prix en ligne.<\/strong><\/p>\n<p><strong>6- Flexibilit\u00e9 maximale . service de haute qualit\u00e9 . confidentialit\u00e9 . Ponctualit\u00e9 .<\/strong><\/p>\n<p>&nbsp;<\/p>\n<p><strong>Soci\u00e9t\u00e9 de chauffeur priv\u00e9 a Geneve pour vos transferts de \u00e0 l\u2019a\u00e9roport de Geneve\u00a0<\/strong><br \/>\nN\u2019attendez plus une navette a\u00e9roport de Geneve pour votre h\u00f4tel, optez pour Geneva ways Limousine des maintenant en r\u00e9servant votre prochaine prestation. Chacun de nos v\u00e9hicules est \u00e9quip\u00e9 d\u2019un logiciel de suivi de vol \u2013 la garantie d\u2019un pick-up de Geneve ou Zurich en temps et en heure a partir de tous les a\u00e9roports a Suisse .<img loading=\"lazy\" decoding=\"async\" width=\"621\" height=\"438\" class=\"size-full wp-image-2703 aligncenter\" src=\"https:\/\/genevaways.com\/wp-content\/uploads\/2021\/03\/private-transfers-Geneva.jpg\" alt=\"\" srcset=\"https:\/\/staging.genevaways.com\/wp-content\/uploads\/2021\/03\/private-transfers-Geneva.jpg 621w, https:\/\/staging.genevaways.com\/wp-content\/uploads\/2021\/03\/private-transfers-Geneva-300x212.jpg 300w, https:\/\/staging.genevaways.com\/wp-content\/uploads\/2021\/03\/private-transfers-Geneva-100x71.jpg 100w\" sizes=\"(max-width: 621px) 100vw, 621px\" \/><\/p>\n<p><strong>Transfert en limousine de Gen\u00e8ve ou Zurich a\u00e9roport\u00a0 \u00a0 \u00a0 \u00a0 \u00a0 \u00a0 \u00a0 \u00a0 \u00a0 \u00a0 \u00a0 \u00a0 \u00a0 \u00a0 \u00a0 \u00a0 \u00a0 \u00a0 \u00a0 \u00a0 \u00a0 \u00a0 \u00a0 \u00a0 \u00a0 \u00a0 \u00a0 \u00a0 \u00a0 \u00a0 \u00a0 \u00a0 \u00a0 \u00a0 \u00a0 \u00a0 \u00a0 \u00a0 \u00a0 \u00a0 \u00a0 \u00a0 \u00a0 \u00a0 \u00a0 \u00a0 \u00a0 \u00a0 \u00a0 \u00a0 \u00a0 \u00a0 \u00a0 \u00a0 \u00a0 \u00a0 \u00a0 \u00a0 \u00a0 \u00a0 \u00a0 \u00a0 \u00a0 \u00a0 \u00a0 \u00a0 \u00a0 \u00a0 \u00a0 \u00a0 \u00a0 \u00a0 \u00a0 \u00a0 \u00a0 \u00a0 \u00a0 \u00a0 \u00a0 \u00a0 \u00a0 \u00a0 \u00a0 \u00a0 \u00a0 \u00a0 \u00a0 \u00a0 \u00a0 \u00a0 \u00a0 \u00a0 \u00a0 \u00a0 \u00a0 \u00a0 \u00a0 \u00a0 \u00a0 \u00a0 \u00a0 \u00a0 \u00a0 \u00a0 \u00a0 \u00a0 \u00a0 \u00a0 <\/strong>Apr\u00e8s une longue journ\u00e9e de voyage sur l&rsquo;Europe ou Suisse , la derni\u00e8re chose a laquelle vous devriez avoir a vous soucier est le transfert de votre lieu de vill\u00e9giature \u00e0 l\u2019a\u00e9roport Geneve . Laissez les professionnels Geneva ways Limousine s\u2019en occuper et prendre soin de vous jusqu\u2019\u00e0 l a\u00e9roport Geneve avec chauffeur Priv\u00e9 . Il s\u2019agit du meilleur service de location de voiture avec chauffeur a Geneve ou Zurich .<\/p>\n<p><strong>Transferts de Geneve aeroport ou Zurich de luxe avec d&rsquo;excellents prix<\/strong><br \/>\nQue vous arriviez sur Geneve ou Zurich Aeroport , en jet prive ou bien sur un avion commercial, vous aurez un service dans le style et le confort avec Geneva ways Limousine. Nous garantissons une large gamme de v\u00e9hicules avec chauffeur priv\u00e9 a Geneve parfaits pour vous d\u00e9tendre lors de votre transfert apr\u00e8s une journ\u00e9e de voyage.Transfert en limousine au d\u00e9part (ou vers) Gen\u00e8ve ou Zurich a\u00e9roport , centre ville .<img loading=\"lazy\" decoding=\"async\" width=\"640\" height=\"529\" class=\"size-full wp-image-2764 aligncenter\" src=\"https:\/\/genevaways.com\/wp-content\/uploads\/2021\/04\/Private-Transfers-from-Geneva.jpeg\" alt=\"\" srcset=\"https:\/\/staging.genevaways.com\/wp-content\/uploads\/2021\/04\/Private-Transfers-from-Geneva.jpeg 640w, https:\/\/staging.genevaways.com\/wp-content\/uploads\/2021\/04\/Private-Transfers-from-Geneva-300x248.jpeg 300w, https:\/\/staging.genevaways.com\/wp-content\/uploads\/2021\/04\/Private-Transfers-from-Geneva-100x83.jpeg 100w\" sizes=\"(max-width: 640px) 100vw, 640px\" \/><\/p>\n<p><strong>R\u00e9servez votre transfert \u00e0 l\u2019a\u00e9roport Geneve ou Zurich en berline et limousine ou Minibus Sprinter<\/strong><br \/>\nNotre flotte de v\u00e9hicules avec chauffeur a Geneve et Zurich \u00e9l\u00e9gants satisfait les clients les plus exigeants. Nous d\u00e9livrons un service client\u00e8le irr\u00e9prochable depuis n\u2019importe quel a\u00e9roport du Suisse . La qualit\u00e9 de notre service fait de nous une compagnie de choix dans toute la r\u00e9gion.En plus de venir vous accueillir et de vous d\u00e9poser, vos chauffeurs priv\u00e9s a Geneve sauront \u00e9galement prendre bien soin de vos bagages et d\u2019assurer un transfert de qualit\u00e9 jusqu\u2019\u00e0 votre destination finale.<\/p>\n<p><strong>Votre chauffeur a Geneve &amp; Zurich vous fournira un accueil tr\u00e8s professionnel\u00a0 \u00a0 \u00a0 \u00a0 \u00a0 \u00a0 \u00a0 \u00a0 \u00a0 \u00a0 \u00a0 \u00a0 \u00a0 \u00a0 \u00a0 \u00a0 \u00a0 \u00a0 \u00a0 \u00a0 \u00a0 \u00a0 \u00a0 \u00a0 \u00a0 \u00a0 \u00a0 \u00a0 \u00a0 \u00a0 \u00a0 \u00a0 \u00a0 \u00a0 \u00a0 \u00a0 \u00a0 \u00a0 \u00a0 \u00a0 \u00a0 \u00a0 \u00a0 \u00a0 \u00a0 \u00a0 \u00a0 \u00a0 \u00a0 \u00a0 \u00a0 \u00a0 \u00a0 \u00a0 \u00a0 \u00a0 \u00a0 \u00a0 \u00a0 \u00a0 \u00a0 \u00a0 \u00a0 \u00a0 \u00a0 \u00a0 \u00a0 \u00a0 \u00a0 \u00a0 \u00a0 \u00a0 \u00a0 \u00a0 \u00a0 \u00a0 \u00a0 \u00a0 \u00a0 \u00a0 \u00a0 \u00a0 \u00a0 <\/strong>Associe a l\u2019\u00e9l\u00e9gance et a la classe de nos v\u00e9hicules, vous serez transportes a Suisse dans les meilleures conditions et vous serez servis avec tous nos soins. Avec une flotte de v\u00e9hicules Mercedes-Benz les plus r\u00e9cents, des chauffeurs a Geneve \u00e9l\u00e9gants, discrets et polis, nous visons \u00e0 satisfaire tous les d\u00e9sirs et besoins de nos clients. Accueil Personnalis\u00e9 VIP en Gare Gen\u00e8ve et en A\u00e9roport Geneve ou Zurich des Service Haut de Gamme . Exclusifs et Personnalis\u00e9s . Tous nos transferts a Suisse<img loading=\"lazy\" decoding=\"async\" width=\"640\" height=\"480\" class=\"size-full wp-image-2758 aligncenter\" src=\"https:\/\/genevaways.com\/wp-content\/uploads\/2021\/04\/Private-Transfers-from-Geneva-Sprinter.jpeg\" alt=\"\" srcset=\"https:\/\/staging.genevaways.com\/wp-content\/uploads\/2021\/04\/Private-Transfers-from-Geneva-Sprinter.jpeg 640w, https:\/\/staging.genevaways.com\/wp-content\/uploads\/2021\/04\/Private-Transfers-from-Geneva-Sprinter-300x225.jpeg 300w, https:\/\/staging.genevaways.com\/wp-content\/uploads\/2021\/04\/Private-Transfers-from-Geneva-Sprinter-100x75.jpeg 100w\" sizes=\"(max-width: 640px) 100vw, 640px\" \/>[\/vc_column_text][vc_column_text]<\/p>\n<p>Profitez d&rsquo;un service de luxe pour vous rendre confortablement \u00e0 votre destination.<\/p>\n<p>Aoste .\u00a0 Annecy .\u00a0 Avoriaz . Basel . Bern . Cannes . Chamb\u00e9ry . Chamonix . Clusaz ( la ) . Courchevel . Courmayeur . Crans-Montana . Davos . Diablerets . Divonne les Bains . Evian-les-Bains . Europa-Park \u2013 Rust . Flaine . Fribourg . Genolier Grenoble . Grindelwald . Gstaad . Interlaken . Lausanne . Lugano . Luzern . Lucerne . Les deux alpes . Lyon . Meg\u00e8ve . M\u00e9ribel . Milano . Montreux . Morges . Morzine .\u00a0 Munich .\u00a0 Neuchatel . Nice . Nyon . Paris . Rolle . Sion . Thonon-les-Bains .\u00a0 Tignes .\u00a0 Turin .\u00a0 Val d`Is\u00e8re . Val Thoren . Valmorel . Verbier . Vevey Villars-sur-Ollon . Zermatt . Zurich .<\/p>\n<p>[\/vc_column_text]<h4>mise \u00e0 disposition v\u00e9hicule avec chauffeur a Geneve ou Zurich<\/h4><div class=\"title-block7\"><\/div>[vc_single_image image=\u00a0\u00bb1141&Prime; img_size=\u00a0\u00bbfull\u00a0\u00bb][vc_column_text]nous avons diff\u00e9rent cat\u00e9gories de Mercedes V\u00e9hicule avec private chauffeur a Geneve \u00e0 votre dispotion un service sur-mesure . pour assurer dans les meilleures conditions vos deplacements et ceux de vos collaborateurs ou votre famille , un service de limousine a Geneve avec chauffeur priv\u00e9 de quelques heures a plusiers joure . selon votre planning et vos besoins . Vous pouvez \u00e9galement proc\u00e9der \u00e0 une r\u00e9servation directement sur Internet via notre syst\u00e8me en ligne. Saisissez tous les d\u00e9tails dans les champs requis et c\u2019est tout! Ainsi, nous mettrons \u00e0 votre disposition votre v\u00e9hicule pr\u00e9f\u00e9r\u00e9 pour toute la journ\u00e9e ou pour la p\u00e9riode de temps souhait\u00e9e.<\/p>\n<p>En r\u00e9servant l\u2019un de nos services ( private transferts de Geneve oou Zurich , Limousine service a Geneve ) , vous allez b\u00e9n\u00e9ficier d\u2019un transfert s\u00e9curis\u00e9 et confortable depuis et\/ou vers vos destinations pr\u00e9f\u00e9r\u00e9es dans toute la Suisse et ses pays voisins tels que la France, l\u2019Allemagne, l\u2019Autriche, l\u2019Italie et le Liechtenstein.<\/p>\n<p>Pour demande devis envoyez nous email a info@genevaways.com et nous vous r\u00e9pondrons le plus vite possible<\/p>\n<p>[\/vc_column_text][\/vc_column][\/vc_row]<\/p>\n<\/div>","protected":false},"excerpt":{"rendered":"<p>[vc_row][vc_column][vc_column_text]Le service transfert l&rsquo;a\u00e9roport de Gen\u00e8ve et Zurich avec chauffeur priv\u00e9 est l\u2019une de nos principales sp\u00e9cialit\u00e9s.\u00a0 Nous offrons le transport depuis et vers l\u2019a\u00e9roport de Gen\u00e8ve (GVA . Jet Aviation . TAG . PrivatPort\u00a0 ) dans une limousine haut de gamme par un chauffeur priv\u00e9 a Geneve , r\u00e9pondant \u00e0 toutes vos exigences \u00e0<\/p>\n","protected":false},"author":1,"featured_media":998,"parent":0,"menu_order":0,"comment_status":"closed","ping_status":"closed","template":"","meta":{"footnotes":""},"aioseo_notices":[],"_links":{"self":[{"href":"https:\/\/staging.genevaways.com\/fr\/wp-json\/wp\/v2\/pages\/1375"}],"collection":[{"href":"https:\/\/staging.genevaways.com\/fr\/wp-json\/wp\/v2\/pages"}],"about":[{"href":"https:\/\/staging.genevaways.com\/fr\/wp-json\/wp\/v2\/types\/page"}],"author":[{"embeddable":true,"href":"https:\/\/staging.genevaways.com\/fr\/wp-json\/wp\/v2\/users\/1"}],"replies":[{"embeddable":true,"href":"https:\/\/staging.genevaways.com\/fr\/wp-json\/wp\/v2\/comments?post=1375"}],"version-history":[{"count":20,"href":"https:\/\/staging.genevaways.com\/fr\/wp-json\/wp\/v2\/pages\/1375\/revisions"}],"predecessor-version":[{"id":1812,"href":"https:\/\/staging.genevaways.com\/fr\/wp-json\/wp\/v2\/pages\/1375\/revisions\/1812"}],"wp:featuredmedia":[{"embeddable":true,"href":"https:\/\/staging.genevaways.com\/fr\/wp-json\/wp\/v2\/media\/998"}],"wp:attachment":[{"href":"https:\/\/staging.genevaways.com\/fr\/wp-json\/wp\/v2\/media?parent=1375"}],"curies":[{"name":"wp","href":"https:\/\/api.w.org\/{rel}","templated":true}]}}