{"id":1378,"date":"2019-02-26T17:34:27","date_gmt":"2019-02-26T16:34:27","guid":{"rendered":"https:\/\/genevaways.com\/diplomatic\/"},"modified":"2021-03-07T20:34:47","modified_gmt":"2021-03-07T19:34:47","slug":"chauffeur-prive-a-geneve","status":"publish","type":"page","link":"https:\/\/staging.genevaways.com\/fr\/chauffeur-prive-a-geneve\/","title":{"rendered":"chauffeur priv\u00e9 a Geneve"},"content":{"rendered":"<div class=\"wpb-content-wrapper\"><p>[vc_row][vc_column width=\u00a0\u00bb2\/3&Prime;]<h4>chauffeur priv\u00e9 a Geneve &amp; Zurich<\/h4><div class=\"title-block7\"><\/div>[vc_column_text]<strong>Notre soci\u00e9t\u00e9 de service chauffeurs priv\u00e9 a Geneve . situ\u00e9e \u00e0 Geneve une v\u00e9ritable r\u00e9f\u00e9rence Service limousine avec chauffeur priv\u00e9 a Suisse<\/strong> . Avec plus de 10 ans d\u2019exp\u00e9rience dans la location de voiture avec chauffeur Priv\u00e9 a Geneve , nous sommes sp\u00e9cialis\u00e9s dans le transfert de passagers sur de courtes ou de longues distances au Suisse .Nous nous nous chargeons de votre transport depuis les principaux a\u00e9roports de la Suisse, vers votre h\u00f4tel ou votre lieu de r\u00e9sidence. Geneve chauffeur priv\u00e9 . de Geneva ways limousine est la solution id\u00e9ale pour vous d\u00e9placer sur la Suisse toute s\u00e9r\u00e9nit\u00e9 et profiter pleinement de votre voyage.<\/p>\n<p><strong>1- une Heure\u00a0 d&rsquo;attente\u00a0 Gratuite pour Les Transferts depuis l&rsquo;A\u00e9roport de Gen\u00e8ve ou Zurich .<\/strong><br \/>\n<strong>2- Le chauffeur vous rencontrera et vous accueillera \u00e0 Gen\u00e8ve avec un panneau \u00e0 votre nom .<\/strong><br \/>\n<strong>3- S\u00e9curit\u00e9 , Respect . Fiabilit\u00e9 et ponctualit\u00e9 . Service de haute qualit\u00e9 . Excellente critique .<\/strong><br \/>\n<strong>4- Roulez\u00a0 avec Nos\u00a0 priv\u00e9 Chauffeurs\u00a0 Professionnels\u00a0 .\u00a0 Agr\u00e9\u00e9s et Assur\u00e9s \u00e0 Gen\u00e8ve et Zurich .<\/strong><br \/>\n<strong>5- Des\u00a0 Chauffeurs\u00a0 Exp\u00e9riment\u00e9s Qui\u00a0 Parlent\u00a0 Bien l&rsquo;Anglais\u00a0 .\u00a0 et Respectez\u00a0 Votre vie Priv\u00e9e .<\/strong><br \/>\n<strong>6- votre priv\u00e9 chauffeur \u00e0 Gen\u00e8ve surveille votre vol pour ajuster le transfert \u00e0 l&rsquo;heure exacte.<\/strong><br \/>\n<strong>7- R\u00e9server un chauffeur avec voiture en 3 clics votre chauffeur est pr\u00eate \u00e0 vous faire voyager.<\/strong><br \/>\n<strong>8- plus de 12 ans de service de qualit\u00e9,une assistance exclusive 24h\/7 par t\u00e9l\u00e9phone &amp; e-mail.<\/strong><br \/>\n<strong>9- Tous nos priv\u00e9 chauffeurs a Geneve sont des professionnels exp\u00e9riment\u00e9s. assur\u00e9 et agr\u00e9\u00e9.<\/strong><br \/>\n<strong>10- Apparence Soign\u00e9e .\u00a0 et Sera Toujours V\u00eatu\u00a0 d&rsquo;un Uniforme de Costume Noir Traditionnel .<\/strong><\/p>\n<p>Pour vos transferts a Suisse et vos d\u00e9placements a de plus longue dur\u00e9e , Geneva Limousine met \u00e0 votre disposition<img decoding=\"async\" class=\"alignnone size-full wp-image-2580\" src=\"https:\/\/genevaways.com\/wp-content\/uploads\/2021\/02\/Transfers-From-Geneva-with-Van-Mercedes.jpg\" alt=\"\" \/> haut de gamme des v\u00e9hicules avec des chauffeurs a Geneve qualifi\u00e9s, bilingues, \u00e9l\u00e9gants, courtois et discrets. Nos collaborateurs seront \u00e0 votre \u00e9coute et \u00e0 votre enti\u00e8re disposition durant toute la prestation. Nos luxury voitures avec chauffeur a Geneve , mises \u00e0 votre disposition, font l\u2019objet d une attention particuli\u00e8re, pour vous garantir une qualit\u00e9 de service unique. Confort, s\u00e9curit\u00e9 et confidentialit\u00e9 sont de rigueurs. Nous pouvons mettre en place un service de chauffeurs s\u00e9curit\u00e9 qualifi\u00e9s et un service de protection rapproch\u00e9e. le professionnalisme de nos chauffeurs a Geneve confirm\u00e9s s\u2019allie \u00e0 la rigueur d\u2019une r\u00e9activit\u00e9 quotidienne pour faire de votre trajet ou m\u00eame de votre s\u00e9jour, un moment d\u2019exception.<\/p>\n<p><strong>R\u00e9servez un chauffeur priv\u00e9 a Geneve avec vehicule haut de gamme<\/strong> . Un service d&rsquo;excursions sur-mesure pour tous vos d\u00e9placements . Profitez de vos loisirs en toute s\u00e9r\u00e9nit\u00e9 gr\u00e2ce aux services Geneva ways Limousine avec chauffeur Priv\u00e9 .Nous mettons \u00e0 votre disposition Luxury Vehicules avec Chauffeur priv\u00e9 a Geneve des visites \u00e0 th\u00e8me sur les sp\u00e9cialit\u00e9s et les curiosit\u00e9s de la r\u00e9gion . voitures luxe transport chauffeur prive Geneve &amp; Zurich . Nous avons \u00e0 votre disposition des guides a Geneve sur demande pour vous proposer des excursions de haute qualit\u00e9.Pour votre tranquillit\u00e9 et votre s\u00e9curit\u00e9, tous nos chauffeurs sont certifi\u00e9s et choisis pour leur professionnalisme.<\/p>\n<p><strong>L&rsquo;\u00e9quipe de chauffeurs Geneva ways Limousine est \u00e0 votre disposition et \u00e0 votre service pour tous vos\u00a0d\u00e9placements Transferts de Geneve avec chauffeur priv\u00e9<\/strong> . Service limousine a Geneve avec priv\u00e9 chauffeur . Business trip a Suisse , s\u00e9jour touristique a Suisse , transfert de Geneve a\u00e9roport , \u00e9v\u00e9nement en famille, nous sommes votre interlocuteur privil\u00e9gi\u00e9 transferts de Geneve l&rsquo;a\u00e9roport . Geneva ways Limousine avec vous jusqu&rsquo;\u00e0 la fin de votre s\u00e9jour . Dans le cadre Limousine Service a Geneve de cette prestation haut de gamme, Pour vos trajets loisirs, nos chauffeurs a Geneve r\u00e9pondent \u00e0 tous vos besoins. nous nous engageons \u00e0 \u00eatre disponibles et r\u00e9actifs pour r\u00e9pondre \u00e0 toutes vos demandes. Pour faire du shopping dans les plus belles boutiques a Geneve , vous rendre dans les stations de ski transferts de Suisse ou Fran\u00e7aise , vous rendre dans les golfs les plus pris\u00e9s de la r\u00e9gion, nos chauffeurs a Geneve vous accompagnent partout o\u00f9 vous le souhaitez dans une voiture haut de gamme avec Chauffeur Priv\u00e9 a Geneve .Nous assurons \u00e9galement votre transport a Geneve avec Chauffeur Priv\u00e9 en toute s\u00e9curit\u00e9 et discr\u00e9tion pour toutes vos soir\u00e9es en Suisse . D\u00e9couvrez notre flotte de voitures de luxe et de limousines en location avec chauffeur priv\u00e9 a Geneve .<\/p>\n<p><strong>vous cherchez un chauffeur priv\u00e9 a Geneve ou Zurich pour convention et s\u00e9minaire \u00e0 Suisse .<\/strong> vous pouvez faire confiance au service de chauffeur Priv\u00e9 Geneva ways Limousine \u00e0 Geneve et sur toute la Suisse pour cr\u00e9er le package qui correspond le mieux a vos besoins sp\u00e9cifiques. Que vous soyez ici pour une journ\u00e9e, un week-end ou une semaine compl\u00e8te les professionnels Geneva ways Limousine vont travailler avec vous pour vous assurer un service irr\u00e9prochable. Notre service de limousine \u00e0 Geneve ou Zurich va vous permettre de g\u00e9rer les divers degr\u00e9s de stress li\u00e9 aux d\u00e9placements professionnels a Suisse . Nous faisons de notre mieux pour vous aider \u00e0 soulager cette anxi\u00e9t\u00e9 gr\u00e2ce \u00e0 notre service de limousine a Geneve . R\u00e9server un service de chauffeur priv\u00e9 \u00e0 Geneve ou le service de limousine de Geneve ou Zurich permettra de vous concentrer sur votre convention sans avoir \u00e0 faire face aux tracas des transferts a Geneve d\u2019un endroit \u00e0 l\u2019autre.<\/p>\n<p><strong>Location de chauffeur priv\u00e9 a Geneve ou Zurich pour s\u00e9minaire d\u2019entreprise et congr\u00e8s \u00e0 Suisse<\/strong> .\u00a0Bien\u00a0s\u00fbr, il y a de nombreux avantages \u00e0 avoir un \u00e9v\u00e9nement d\u2019entreprise qui se tient sur la Suisse . Vous allez surement vouloir ne pas passer tout votre temps assis dans des salles de conf\u00e9rences et des r\u00e9unions \u00e9touffantes. En embauchant notre service de limousine a Geneve ou un chauffeur priv\u00e9 a Geneve , vous tirerez profit de votre s\u00e9jour en ayant un Chauffeur priv\u00e9 a Geneve vous am\u00e8nera autour de tous les sites et des destinations immanquables la Suisse . ayez le r\u00e9flexe Geneva ways Limousine pour vous montrer les innombrables restaurants et mus\u00e9es de renomm\u00e9e mondiale de la Suisse . Que ce soit pour un transfert de l\u2019a\u00e9roport Geneve en limousine personnelle \u00e0 un service complet avec votre propre chauffeur priv\u00e9 a Geneve pendant votre s\u00e9jour, la confiance Geneva ways limousine est la cl\u00e9 pour vous aider \u00e0 tirer le meilleur parti de votre \u00e9v\u00e9nement d\u2019entreprise ou d\u2019une conf\u00e9rence sur la Suisse . Contactez-nous pour faire votre r\u00e9servation!<\/p>\n<p><strong>R\u00e9servez un chauffeur priv\u00e9 a geneve ou Zurich .<\/strong> Geneva ways limousine propose un service Privil\u00e8ge pour accompagner tous vos d\u00e9placements . Transferts de Geneve ou Zurich . Profitez d&rsquo;un service transports professionnel pour parcourir au Suiss dans un v\u00e9hicule avec priv\u00e9 chauffeur a Geneve tout confort sp\u00e9cialement r\u00e9serv\u00e9 pour vous.Chaque ann\u00e9e, la Suisse est de plus en plus populaire pour les \u00e9v\u00e9nements corporatifs, conventions et r\u00e9unions d\u2019affaires. Le prestige et la classe de Geneve en fait le lieu de rassemblement id\u00e9al pour les rencontres en petit comit\u00e9 ou a plus grande \u00e9chelle pour les leaders de chaque industries.Lorsque vous planifiez votre arriv\u00e9e pour votre prochain \u00e9v\u00e9nement corporatif a Geneve , ayez le geste Geneva ways limousine. Geneva limousine assure des transferts de l\u2019a\u00e9roport geneve efficaces, confortables et luxueux vers la destination de votre choix.<\/p>\n<p><strong>Nos priv\u00e9 chauffeurs a Geneve exp\u00e9riment\u00e9s parfaitement bilingues connaissent les meilleurs itin\u00e9raires et trajets pour vous conduire \u00e0 votre destination finale<\/strong>. Vous rendre \u00e0 l&rsquo;h\u00f4tel, r\u00e9server une voiture avec chauffeur a Geneve pour votre transfert de Geneve a\u00e9roport , louer une Limousine a Geneve avec Chauffeur Priv\u00e9 pour votre mariage ou encore pour accompagner vos trajets business au Suisse , nous adaptons notre offre \u00e0 vos besoins gr\u00e2ce \u00e0 une flotte de v\u00e9hicules haut de gamme Mercedes avec Chauffeur a Geneve .Geneva ways Limousine vous permet d\u2019\u00e9liminer le stress d\u2019une journ\u00e9e de voyage en vous offrant de vous asseoir et vous d\u00e9tendre lors de votre transfert pour votre h\u00f4tel, villa, ou centre de congr\u00e8s.<\/p>\n<p>Quel que soit votre besoin\u00a0 Geneva ways saura vous r\u00e9pondre Pour toute\u00a0 demande envoyen nous email sur <a href=\"mailto:Infi@genevaways.com\">Info@genevaways.com<\/a>\u00a0 Indiquez nous: Vos contacts Le nombre de passagers Le Date &amp; Le lieu et l\u2019heure de prise en charge Votre programme<\/p>\n<p>Estimation gratuite et rapide .[\/vc_column_text][\/vc_column][vc_column width=\u00a0\u00bb1\/3&Prime;][vc_gallery type=\u00a0\u00bbimage_grid\u00a0\u00bb images=\u00a0\u00bb2359&Prime; img_size=\u00a0\u00bbfull\u00a0\u00bb onclick=\u00a0\u00bb\u00a0\u00bb][vc_gallery type=\u00a0\u00bbimage_grid\u00a0\u00bb images=\u00a0\u00bb2247&Prime; img_size=\u00a0\u00bbfull\u00a0\u00bb onclick=\u00a0\u00bb\u00a0\u00bb][vc_gallery type=\u00a0\u00bbimage_grid\u00a0\u00bb images=\u00a0\u00bb2211&Prime; img_size=\u00a0\u00bbfull\u00a0\u00bb onclick=\u00a0\u00bb\u00a0\u00bb][vc_gallery type=\u00a0\u00bbimage_grid\u00a0\u00bb images=\u00a0\u00bb2547&Prime; img_size=\u00a0\u00bbfull\u00a0\u00bb onclick=\u00a0\u00bb\u00a0\u00bb][vc_gallery type=\u00a0\u00bbimage_grid\u00a0\u00bb images=\u00a0\u00bb2226&Prime; img_size=\u00a0\u00bbfull\u00a0\u00bb onclick=\u00a0\u00bb\u00a0\u00bb][vc_gallery type=\u00a0\u00bbimage_grid\u00a0\u00bb images=\u00a0\u00bb2709&Prime; img_size=\u00a0\u00bbfull\u00a0\u00bb onclick=\u00a0\u00bb\u00a0\u00bb][\/vc_column][\/vc_row]<\/p>\n<\/div>","protected":false},"excerpt":{"rendered":"<p>[vc_row][vc_column width=\u00a0\u00bb2\/3&Prime;][vc_column_text]Notre soci\u00e9t\u00e9 de service chauffeurs priv\u00e9 a Geneve . situ\u00e9e \u00e0 Geneve une v\u00e9ritable r\u00e9f\u00e9rence Service limousine avec chauffeur priv\u00e9 a Suisse . Avec plus de 10 ans d\u2019exp\u00e9rience dans la location de voiture avec chauffeur Priv\u00e9 a Geneve , nous sommes sp\u00e9cialis\u00e9s dans le transfert de passagers sur de courtes ou de longues<\/p>\n","protected":false},"author":1,"featured_media":998,"parent":0,"menu_order":0,"comment_status":"closed","ping_status":"closed","template":"","meta":{"footnotes":""},"aioseo_notices":[],"_links":{"self":[{"href":"https:\/\/staging.genevaways.com\/fr\/wp-json\/wp\/v2\/pages\/1378"}],"collection":[{"href":"https:\/\/staging.genevaways.com\/fr\/wp-json\/wp\/v2\/pages"}],"about":[{"href":"https:\/\/staging.genevaways.com\/fr\/wp-json\/wp\/v2\/types\/page"}],"author":[{"embeddable":true,"href":"https:\/\/staging.genevaways.com\/fr\/wp-json\/wp\/v2\/users\/1"}],"replies":[{"embeddable":true,"href":"https:\/\/staging.genevaways.com\/fr\/wp-json\/wp\/v2\/comments?post=1378"}],"version-history":[{"count":14,"href":"https:\/\/staging.genevaways.com\/fr\/wp-json\/wp\/v2\/pages\/1378\/revisions"}],"predecessor-version":[{"id":2739,"href":"https:\/\/staging.genevaways.com\/fr\/wp-json\/wp\/v2\/pages\/1378\/revisions\/2739"}],"wp:featuredmedia":[{"embeddable":true,"href":"https:\/\/staging.genevaways.com\/fr\/wp-json\/wp\/v2\/media\/998"}],"wp:attachment":[{"href":"https:\/\/staging.genevaways.com\/fr\/wp-json\/wp\/v2\/media?parent=1378"}],"curies":[{"name":"wp","href":"https:\/\/api.w.org\/{rel}","templated":true}]}}