{"id":1384,"date":"2019-02-26T17:33:33","date_gmt":"2019-02-26T16:33:33","guid":{"rendered":"https:\/\/genevaways.com\/ski-tours\/"},"modified":"2021-03-07T20:06:03","modified_gmt":"2021-03-07T19:06:03","slug":"ski-prive-transferts-de-geneve","status":"publish","type":"page","link":"https:\/\/staging.genevaways.com\/fr\/ski-prive-transferts-de-geneve\/","title":{"rendered":"Ski prive transferts de Geneve"},"content":{"rendered":"<div class=\"wpb-content-wrapper\"><p>[vc_row][vc_column][vc_single_image image=\u00a0\u00bb1628&Prime; img_size=\u00a0\u00bbfull\u00a0\u00bb alignment=\u00a0\u00bbcenter\u00a0\u00bb]<h4>Ski priv\u00e9 Transferts de Geneve Aeroport<\/h4><div class=\"title-block7\"><\/div>[vc_column_text]<strong>Transferts Priv\u00e9 de Geneve a Ski-Resorts avec Luxury Van Mercedes<\/strong> . Geneva ways Limousine offre un service au niveau local. Notre bureau est situ\u00e9 dans Geneve , et notre personnel parle anglais et Fran\u00e7ais . Nous proposons des transferts priv\u00e9s de l&rsquo;a\u00e9roport de Geneve ou Zurich , pour desservir les stations de sports d&rsquo;hiver dans Suisse &amp; Fran\u00e7aise selon votre demande.<\/p>\n<p>les avantages votre r\u00e9servation Transferts ou service limousine a Geneve &amp; Zurich<img loading=\"lazy\" decoding=\"async\" class=\" wp-image-2595 alignright\" src=\"https:\/\/genevaways.com\/wp-content\/uploads\/2021\/02\/VIP-Ski-Transfers-from-Geneva.jpg\" alt=\"VIP Ski Transfers from Geneva\" width=\"400\" height=\"300\" srcset=\"https:\/\/staging.genevaways.com\/wp-content\/uploads\/2021\/02\/VIP-Ski-Transfers-from-Geneva.jpg 640w, https:\/\/staging.genevaways.com\/wp-content\/uploads\/2021\/02\/VIP-Ski-Transfers-from-Geneva-300x225.jpg 300w, https:\/\/staging.genevaways.com\/wp-content\/uploads\/2021\/02\/VIP-Ski-Transfers-from-Geneva-100x75.jpg 100w\" sizes=\"(max-width: 400px) 100vw, 400px\" \/><br \/>\n<strong>\u2013 Wifi gratuit. 2 bouteilles d\u2019eau gratuites. tissu rafra\u00eechissant. Service de haute qualit\u00e9.<\/strong><br \/>\n<strong>\u2013 1 Heure d\u2019attente Gratuite pour les Transferts Depuis l\u2019A\u00e9roport de Gen\u00e8ve ou Zurich .<\/strong><br \/>\n<strong>\u2013 Annulation gratuite de tous Les transports priv\u00e9 de Geneve voir Conditions G\u00e9n\u00e9rales.<\/strong><br \/>\n<strong>\u2013 Des chauffeurs a Geneve ou Zurich exp\u00e9riment\u00e9s qui parlent bien l\u2019anglais bien form\u00e9.<\/strong><br \/>\n<strong>\u2013 Nos tarifs sont fixe &amp; garantis lors de booking transferts de Geneve Pas de frais cach\u00e9s.<\/strong><br \/>\n<strong>\u2013 Nous Surveillons les Vol pour ajuster le transfert de Geneve ou Zurich \u00e0 l\u2019heure exacte.<\/strong><br \/>\n<strong>\u2013 Fiable et s\u00fbr Service de haute qualit\u00e9 ponctualit\u00e9 excellentes critiques voitures de luxe.<\/strong><br \/>\n<strong>\u2013 Service de Booking transferts de Geneve en ligne rapide un calculateur de prix en ligne.<\/strong><br \/>\n<strong>\u2013 d\u2019accueillir les clients de mani\u00e8re courtoise et de les assister pour porter leurs bagages .<\/strong><br \/>\n<strong>\u2013 Assistance exclusive 24\/24 &amp; 7\/7 par t\u00e9l\u00e9phone et par email 12 ans de service de qualit\u00e9.<\/strong><br \/>\n<strong>\u2013 Notre Priv\u00e9 Chauffeur \u00e0 Gen\u00e8ve vous Accueillera \u00e0 l\u2019A\u00e9roport Avec un Panneau de Nom.<\/strong><\/p>\n<p><strong>Geneva ways limousine executive Luxury Transport Service en Geneve &amp; Zurich<\/strong> vous propose\u00a0 \u00a0 \u00a0 \u00a0 \u00a0 \u00a0 \u00a0 \u00a0 \u00a0 \u00a0 \u00a0 \u00a0 \u00a0 \u00a0 \u00a0 \u00a0 \u00a0 \u00a0 \u00a0 \u00a0 \u00a0 \u00a0 \u00a0 \u00a0 \u00a0 \u00a0 \u00a0 \u00a0 \u00a0 \u00a0 \u00a0 \u00a0 \u00a0 \u00a0 \u00a0 \u00a0 \u00a0 \u00a0 \u00a0 \u00a0 \u00a0 \u00a0 \u00a0 \u00a0 \u00a0 \u00a0 \u00a0 \u00a0 \u00a0 \u00a0 \u00a0 \u00a0 \u00a0 \u00a0 \u00a0 \u00a0 \u00a0 \u00a0 \u00a0 \u00a0 \u00a0 \u00a0 \u00a0 \u00a0 \u00a0 \u00a0 \u00a0 \u00a0depuis<img loading=\"lazy\" decoding=\"async\" class=\" wp-image-2626 alignright\" src=\"https:\/\/genevaways.com\/wp-content\/uploads\/2021\/02\/Transfers-From-Geneva-to-courchevel.jpg\" alt=\"\" width=\"400\" height=\"300\" srcset=\"https:\/\/staging.genevaways.com\/wp-content\/uploads\/2021\/02\/Transfers-From-Geneva-to-courchevel.jpg 640w, https:\/\/staging.genevaways.com\/wp-content\/uploads\/2021\/02\/Transfers-From-Geneva-to-courchevel-300x225.jpg 300w, https:\/\/staging.genevaways.com\/wp-content\/uploads\/2021\/02\/Transfers-From-Geneva-to-courchevel-100x75.jpg 100w\" sizes=\"(max-width: 400px) 100vw, 400px\" \/> 2010 un service de location de voitures avec chauffeur a Geneve et Zurich , VTC Geneve , un service de location de limousine a Geneve , minibus Sprinter a Geneve &amp; Zurich , un service de grande qualit\u00e9 avec des chauffeurs a Geneve et Guides polyglottes. Pendant la haute saison, pensez que r\u00e9server un transfert de Geneve ou Zurich vers Ski-Resorts Suisse ou Fran\u00e7aise est comparable \u00e0 r\u00e9server un Limousine a Geneve pour un long voyage le jour de l\u2019an. Le plus t\u00f4t vous r\u00e9servez, le mieux cela sera .<\/p>\n<p><strong>Transferts Priv\u00e9 de Geneve vers Ski-Resorts Suisse ou Fran\u00e7aise<\/strong>. Nos transferts de Geneve se font dans des minibus tout confort pour les familles et les groupes Pour les familles les si\u00e8ges b\u00e9b\u00e9s sont offerts Notre service se fait porte \u00e0 porte avec l&rsquo;accueil \u00e0 l&rsquo;a\u00e9roport de Geneve avec Chauffeur Priv\u00e9 ou au d\u00e9part de votre domicile ou h\u00f4tel sur toute la Stations des Ski Suisse ou Fran\u00e7aise. Le chauffeur vous accueille \u00e0 l&rsquo;a\u00e9roport de Geneve et vous aide avec vos bagages Nos chauffeurs sont exp\u00e9riment\u00e9s et bilingues fran\u00e7ais-anglais. Vous pouvez utiliser nos services de Executive Luxury Transport Service a Geneve pour vous rendre dans nos stations de montagne et stations de ski de Swiss et Fran\u00e7aise .<img loading=\"lazy\" decoding=\"async\" class=\" wp-image-2181 alignright\" src=\"https:\/\/genevaways.com\/wp-content\/uploads\/2021\/01\/Transfer-from-Geneva-To-Zurich-www.Genevaways.com_-2.jpg\" alt=\"\" width=\"401\" height=\"344\" srcset=\"https:\/\/staging.genevaways.com\/wp-content\/uploads\/2021\/01\/Transfer-from-Geneva-To-Zurich-www.Genevaways.com_-2.jpg 480w, https:\/\/staging.genevaways.com\/wp-content\/uploads\/2021\/01\/Transfer-from-Geneva-To-Zurich-www.Genevaways.com_-2-300x258.jpg 300w, https:\/\/staging.genevaways.com\/wp-content\/uploads\/2021\/01\/Transfer-from-Geneva-To-Zurich-www.Genevaways.com_-2-100x86.jpg 100w\" sizes=\"(max-width: 401px) 100vw, 401px\" \/><\/p>\n<p><strong>Location de minibus Mercedes Sprinter avec chauffeur \u00e0 Geneve ou Zurich en-ligne .<\/strong> En quelques clics, calculez votre prix rapidement et gratuit pour tout les transerts de Geneve .Nos transferts priv\u00e9s a Geneve &amp; Zurich avec Luxury minibus Sprinter Mercedes se font selon votre convenance et nous couvrons toutes les destinations, Transferts a Ski-resorts a Suisse &amp; Fran\u00e7aise . Nous proposons \u00e9galement des trajets en Mercedes Sprinter 13 ,16 pax avec Chauffeur priv\u00e9s de Geneve vers les destinations ski Suisse ou Fran\u00e7aise depuis les Geneve &amp; Zurich . Les transferts de Geneve repr\u00e9sentent un point essentiel de vos vacances aux sports d\u2019hiver et peuvent souvent \u00eatre n\u00e9gliger lorsqu l\u2019on organise un voyage. Ne vous laissez pas prendre au pi\u00e8ge. Comme le montre un sondage r\u00e9cent, le transfert de Geneve peut facilement devenir la partie la plus stressante de vos vacances! Alors oubliez le stress et enlevez-vous un poids des \u00e9paules, r\u00e9servez votre transfert en ligne d\u00e8s maintenant avec Transferts Geneva Ways .<\/p>\n<p><strong>Transfert prive de Geneve vers les Stations de Ski avec Chauffeur Priv\u00e9 . <\/strong>Lorsque vous ou vos clients arrivez \u00e0<img loading=\"lazy\" decoding=\"async\" class=\" wp-image-2562 alignright\" src=\"https:\/\/genevaways.com\/wp-content\/uploads\/2021\/02\/Ski-Transfers-from-Geneva-Private.jpg\" alt=\"\" width=\"400\" height=\"300\" srcset=\"https:\/\/staging.genevaways.com\/wp-content\/uploads\/2021\/02\/Ski-Transfers-from-Geneva-Private.jpg 640w, https:\/\/staging.genevaways.com\/wp-content\/uploads\/2021\/02\/Ski-Transfers-from-Geneva-Private-300x225.jpg 300w, https:\/\/staging.genevaways.com\/wp-content\/uploads\/2021\/02\/Ski-Transfers-from-Geneva-Private-100x75.jpg 100w\" sizes=\"(max-width: 400px) 100vw, 400px\" \/> l\u2019a\u00e9roport de Geneve ou \u00e0 l\u2019a\u00e9roport de Zurich , et souhaitez la location d\u2019une voiture avec chauffeur priv\u00e9 a Geneve vers Ski Stations , Service Limousine a Geneve , un minibus avec Chauffeur a Geneve , vous serez accueilli par un chauffeur a Geneve qui sera vous apporter le meilleur service pour votre s\u00e9jour a Suisse . Geneva ways limousine offre une vari\u00e9t\u00e9 d\u2019options pour les transferts premiums avec chauffeur de Geneve ou Zurich vers les Stations de ski les plus populaires en Suisse ou France . Nous sommes capables \u00e0 g\u00e9rer Transferts vers ou de Geneve jusq`a 18 cars meme jours notre Mercedes flotte est compos\u00e9e de nombreuses Mercedes berlines, V-Class VAN , minibus Sprinter .<\/p>\n<p><strong>Prive transfer Geneva ways Limousine peut organiser pour vous des Luxury transferts Geneve ou Zurich<\/strong> vers les destinations sport d\u2019hiver . les transferts de Geneve vers les sports d\u2019hiver Suisse ou Fran\u00e7aise peuvent \u00eatre aborder de mani\u00e8re sereine et facilement r\u00e9server en ligne, tout comme votre vol. Vous recevrez un email de confirmation instantan\u00e9. Nous vous sugg\u00e9rons de r\u00e9server votre transfert de Geneve avant de r\u00e9server votre vol car un vol bon march\u00e9 vers un a\u00e9roport excentr\u00e9 est souvent synonyme d\u2019un transfert de Geneve plus on\u00e9reux. Cela veut dire que nous pouvons offrir un prix comp\u00e9titif pour n\u2019importe quelle destination . ski transferts de Geneve ou Zurich , tout en en s\u2019assurant de vous fournir luxury service dont vous avez besoin.[\/vc_column_text][vc_single_image image=\u00a0\u00bb1594&Prime; img_size=\u00a0\u00bbfull\u00a0\u00bb alignment=\u00a0\u00bbcenter\u00a0\u00bb][\/vc_column][\/vc_row]<\/p>\n<\/div>","protected":false},"excerpt":{"rendered":"<p>[vc_row][vc_column][vc_single_image image=\u00a0\u00bb1628&Prime; img_size=\u00a0\u00bbfull\u00a0\u00bb alignment=\u00a0\u00bbcenter\u00a0\u00bb][vc_column_text]Transferts Priv\u00e9 de Geneve a Ski-Resorts avec Luxury Van Mercedes . Geneva ways Limousine offre un service au niveau local. Notre bureau est situ\u00e9 dans Geneve , et notre personnel parle anglais et Fran\u00e7ais . Nous proposons des transferts priv\u00e9s de l&rsquo;a\u00e9roport de Geneve ou Zurich , pour desservir les stations de<\/p>\n","protected":false},"author":1,"featured_media":998,"parent":0,"menu_order":0,"comment_status":"closed","ping_status":"closed","template":"","meta":{"footnotes":""},"aioseo_notices":[],"_links":{"self":[{"href":"https:\/\/staging.genevaways.com\/fr\/wp-json\/wp\/v2\/pages\/1384"}],"collection":[{"href":"https:\/\/staging.genevaways.com\/fr\/wp-json\/wp\/v2\/pages"}],"about":[{"href":"https:\/\/staging.genevaways.com\/fr\/wp-json\/wp\/v2\/types\/page"}],"author":[{"embeddable":true,"href":"https:\/\/staging.genevaways.com\/fr\/wp-json\/wp\/v2\/users\/1"}],"replies":[{"embeddable":true,"href":"https:\/\/staging.genevaways.com\/fr\/wp-json\/wp\/v2\/comments?post=1384"}],"version-history":[{"count":20,"href":"https:\/\/staging.genevaways.com\/fr\/wp-json\/wp\/v2\/pages\/1384\/revisions"}],"predecessor-version":[{"id":2737,"href":"https:\/\/staging.genevaways.com\/fr\/wp-json\/wp\/v2\/pages\/1384\/revisions\/2737"}],"wp:featuredmedia":[{"embeddable":true,"href":"https:\/\/staging.genevaways.com\/fr\/wp-json\/wp\/v2\/media\/998"}],"wp:attachment":[{"href":"https:\/\/staging.genevaways.com\/fr\/wp-json\/wp\/v2\/media?parent=1384"}],"curies":[{"name":"wp","href":"https:\/\/api.w.org\/{rel}","templated":true}]}}