{"id":1401,"date":"2017-02-01T14:40:27","date_gmt":"2017-02-01T14:40:27","guid":{"rendered":"https:\/\/genevaways.com\/how-it-works\/"},"modified":"2021-03-07T20:43:19","modified_gmt":"2021-03-07T19:43:19","slug":"how-it-works","status":"publish","type":"page","link":"https:\/\/staging.genevaways.com\/fr\/how-it-works\/","title":{"rendered":"Comment \u00e7a marche"},"content":{"rendered":"<div class=\"wpb-content-wrapper\"><p>[vc_row][vc_column]<h4>Rapide &amp; Meilleur System Booking en-Ligne Limousine au Suisse &amp; Priv\u00e9s Transferts \u00e0 Gen\u00e8ve ou Zurich.<\/h4><div class=\"title-block7\"><\/div>[vc_column_text][\/vc_column_text][vc_row_inner css=\u00a0\u00bb.vc_custom_1551259097360{padding-top: 50px !important;padding-bottom: 10px !important;}\u00a0\u00bb el_class=\u00a0\u00bbicon-services\u00a0\u00bb][vc_column_inner width=\u00a0\u00bb1\/4&Prime;][vc_single_image image=\u00a0\u00bb1295&Prime; img_size=\u00a0\u00bbfull\u00a0\u00bb alignment=\u00a0\u00bbcenter\u00a0\u00bb][vc_column_text]<\/p>\n<h3 style=\"text-align: center;\">Entrez le point de d\u00e9part et la destination.<\/h3>\n<p>[\/vc_column_text][vc_column_text el_class=\u00a0\u00bbicon-services\u00a0\u00bb][\/vc_column_text][\/vc_column_inner][vc_column_inner width=\u00a0\u00bb1\/4&Prime;][vc_single_image image=\u00a0\u00bb1298&Prime; img_size=\u00a0\u00bbfull\u00a0\u00bb alignment=\u00a0\u00bbcenter\u00a0\u00bb][vc_column_text]<\/p>\n<h3 style=\"text-align: center;\">Choisissez l\u2019une de nos cat\u00e9gories de v\u00e9hicule<\/h3>\n<p>&nbsp;<\/p>\n<p>[\/vc_column_text][\/vc_column_inner][vc_column_inner width=\u00a0\u00bb1\/4&Prime;][vc_single_image image=\u00a0\u00bb1301&Prime; img_size=\u00a0\u00bbfull\u00a0\u00bb alignment=\u00a0\u00bbcenter\u00a0\u00bb][vc_column_text]<\/p>\n<h3 style=\"text-align: center;\">Choisissez le mode de paiement<\/h3>\n<p>&nbsp;<\/p>\n<p>&nbsp;<\/p>\n<p>[\/vc_column_text][\/vc_column_inner][vc_column_inner width=\u00a0\u00bb1\/4&Prime;][vc_single_image image=\u00a0\u00bb1304&Prime; img_size=\u00a0\u00bbfull\u00a0\u00bb alignment=\u00a0\u00bbcenter\u00a0\u00bb][vc_column_text]<\/p>\n<h3 style=\"text-align: center;\">\u00a0Confirmation par email<\/h3>\n<p>&nbsp;<\/p>\n<p>&nbsp;<\/p>\n<p>[\/vc_column_text][\/vc_column_inner][\/vc_row_inner]<h4>Pourquoi Choisir Geneva Ways ?<\/h4><div class=\"title-block7\"><\/div>[vc_column_text]Pourquoi nous choisir? <strong>Meilleurs chauffeurs de limousine autoris\u00e9s \u00e0 Gen\u00e8ve et Zurich.<\/strong><br \/>\nNotre \u00e9quipe prend la s\u00e9curit\u00e9 de nos clients au s\u00e9rieux et nous n&#8217;embauchons que les meilleurs chauffeurs du secteur. Nous recherchons \u00e0 la fois haut et bas pour trouver des chauffeurs de limousine exp\u00e9riment\u00e9s \u00e0 Gen\u00e8ve et Zurich. Nous voulons que vous sachiez que vous serez en s\u00e9curit\u00e9 lorsque vous entrerez dans notre service de limousine \u00e0 Gen\u00e8ve. Chacune de nos limousines \u00e0 Gen\u00e8ve ou \u00e0 Zurich est assur\u00e9e pour votre protection. Nous entretenons notre flotte et ce n&rsquo;est pas quelque chose que font tous nos concurrents. L&rsquo;une des raisons pour lesquelles vous devriez travailler avec nous est que nous avons une vaste s\u00e9lection de limousines avec chauffeur a Geneve \u00e0 votre disposition. Lorsque notre \u00e9quipe arrive \u00e0 votre emplacement pour venir vous chercher, vous pouvez compter sur le fait que notre chauffeur priv\u00e9 \u00e0 Gen\u00e8ve sera habill\u00e9 pour l&rsquo;occasion et pr\u00eat \u00e0 vous conduire.<\/p>\n<p><strong>1- Nous avons une vaste s\u00e9lection de limousines avec chauffeur priv\u00e9 \u00e0 Gen\u00e8ve &amp; Zurich \u00e0 votre disposition.<img loading=\"lazy\" decoding=\"async\" class=\" wp-image-2247 alignright\" src=\"https:\/\/genevaways.com\/wp-content\/uploads\/2021\/01\/limousine-service-VIP-Geneva-www.genevaways.com_-1-rotated.jpg\" alt=\"\" width=\"314\" height=\"419\" \/><\/strong><br \/>\n<strong>2- notre mission est de vous offrir un de la plus haute qualit\u00e9 de l\u2019exp\u00e9rience Transfer from Geneve &amp; Zurich.<br \/>\n3- plus de 12 ans de service de qualit\u00e9, une assistance exclusive 24\/24 et 7\/7 par t\u00e9l\u00e9phone et SMS ou E-mail.<\/strong><br \/>\n<strong>4- Flotte des voitures de luxe Mercedes avec Chauffeur priv\u00e9 \u00e0 Gen\u00e8ve en toute S\u00e9curit\u00e9 &amp; confortablement .<\/strong><br \/>\n<strong>5- Gen\u00e8ve ways Limousine est Suisse Compagnie . Bas\u00e9 \u00e0 Gen\u00e8ve . les Services des client est notre Priorit\u00e9 .<\/strong><br \/>\n<strong>6- notre chauffeur professionnel \u00e0 Gen\u00e8ve vous accueillera \u00e0 l&rsquo;a\u00e9roport Geneve avec panneau de votre nom.<\/strong><br \/>\n<strong>7- Fiable et s\u00fbr . Service de haute qualit\u00e9 . Ponctualit\u00e9\u00a0 . voitures de luxe avec chauffeur \u00e0 Gen\u00e8ve &amp; Zurich .<\/strong><br \/>\n<strong>8- Service de haute qualit\u00e9 .\u00a0 Ponctualit\u00e9\u00a0 . Excellentes critiques . Voitures de luxe. chauffeurs exp\u00e9riment\u00e9s.<\/strong><br \/>\n<strong>9- Commande en ligne uniquement en 3 clics de service de limousine \u00e0 Gen\u00e8ve ou transferts depuis Gen\u00e8ve.<\/strong><br \/>\n<strong>10- des chauffeurs exp\u00e9riment\u00e9s \u00e0 Gen\u00e8ve qui parlent bien l&rsquo;anglais bien form\u00e9 et respectez votre vie priv\u00e9e.<\/strong><br \/>\n<strong>11- 1 heure d&rsquo;attente gratuite pour les transferts depuis l&rsquo;a\u00e9roport de Gen\u00e8ve Service de limousine \u00e0 Gen\u00e8ve.<\/strong><br \/>\n<strong>12- Annulation gratuite de tous les transports VIP en Suisse voir\u00a0 (Conditions g\u00e9n\u00e9rales)\u00a0 . Pas de frais cach\u00e9s .<\/strong><br \/>\n<strong>13- Service de r\u00e9servation en ligne rapide Un calculateur de prix en ligne. transferts depuis Gen\u00e8ve ou Zurich.<\/strong><br \/>\n<strong>14- WiFi gratuit. 2 bouteilles d&rsquo;eau gratuites. tissu rafra\u00eechissant. Chauffeur assister pour porter vos bagages.<\/strong><br \/>\n<strong>15- Tous nos chauffeurs priv\u00e9s Suisse \u00e0 Gen\u00e8ve ou Zurich professionnellement habill\u00e9s en complet et cravate.<\/strong><\/p>\n<p>Lorsque vous arrivez dans un a\u00e9roport suisse, trouver votre chemin vers votre h\u00f4tel ou un autre endroit peut \u00eatre stressant si vous n&rsquo;avez jamais voyag\u00e9 dans cette ville auparavant. Beaucoup de gens finissent par prendre une voiture de location avec chauffeur \u00e0 Gen\u00e8ve ou utilisent un taxi \u00e0 Gen\u00e8ve pour se rendre d&rsquo;un endroit \u00e0 l&rsquo;autre. \u00c9tonnamment, un service de limousine \u00e0 Gen\u00e8ve peut \u00eatre l&rsquo;une de vos meilleures options pour voyager. La limousine de Gen\u00e8ve explique pourquoi la r\u00e9servation d&rsquo;une limousine \u00e0 Gen\u00e8ve ou \u00e0 Zurich peut \u00eatre l&rsquo;option la plus avantageuse pour voyager.<\/p>\n<p><strong>avec Gen\u00e8ve ways limousine maximum comfort.<\/strong> Si un taxi Geneve ou un autre service de transport peut \u00eatre efficace, ce n&rsquo;est peut-\u00eatre pas le plus confortable. Apr\u00e8s une longue journ\u00e9e de vol, vous allez probablement vouloir un peu de confort. Une limousine \u00e0 Gen\u00e8ve est une exp\u00e9rience de luxe \u00e0 la pointe de la technologie pour tout voyageur fatigu\u00e9. Complet avec des si\u00e8ges moelleux et une s\u00e9lection habituelle de boissons, vous pouvez vous d\u00e9tendre et vous sentir \u00e0 l&rsquo;aise.<\/p>\n<p><strong>Transferts depuis l&rsquo;a\u00e9roport de Gen\u00e8ve. Fiable .<\/strong> Manquer ou \u00eatre en retard sur un vol peut \u00eatre un cauchemar pour tout voyageur. Manquer un vol peut vous retarder le travail ou vous faire manquer une r\u00e9servation d&rsquo;h\u00f4tel. Lorsque vous investissez dans un service de limousine \u00e0 Gen\u00e8ve pour vous emmener vers ou depuis l&rsquo;a\u00e9roport de Gen\u00e8ve, vous pouvez vous attendre \u00e0 la fiabilit\u00e9. La compagnie de limousine de Gen\u00e8ve suit les vols de ses clients afin qu&rsquo;ils sachent exactement quand venir vous chercher. Ils sont \u00e9quip\u00e9s pour g\u00e9rer les situations opportunes et m\u00eame g\u00e9rer un vol retard\u00e9. Lorsque vous travaillez avec un service de limousine \u00e0 Gen\u00e8ve, vous savez que vous pouvez \u00eatre pris en charge efficacement.<\/p>\n<p><strong>Gen\u00e8ve moyens limousine Personnel professionnel.<\/strong> Lorsque vous r\u00e9servez une limousine \u00e0 Gen\u00e8ve pour vous transporter \u00e0 l&rsquo;a\u00e9roport de Gen\u00e8ve, vous pouvez vous attendre au service haut de gamme de votre chauffeur \u00e0 Gen\u00e8ve. <img loading=\"lazy\" decoding=\"async\" class=\" wp-image-2412 alignleft\" src=\"https:\/\/genevaways.com\/wp-content\/uploads\/2021\/01\/private-driver-in-Geneva-www.Genevaways.com_-e1614198628503.jpg\" alt=\"private Transfers in Geneva \" width=\"332\" height=\"254\" \/>Un chauffeur sympathique \u00e0 Gen\u00e8ve se fera un plaisir de charger vos affaires dans le v\u00e9hicule et de r\u00e9pondre \u00e0 tous vos besoins sp\u00e9cifiques. Cela peut s&rsquo;av\u00e9rer utile si vous avez besoin d&rsquo;un peu d&rsquo;aide suppl\u00e9mentaire, en particulier si vous voyagez seul.<\/p>\n<p><strong>Bonne impression lorsque vous r\u00e9servez une limousine a Geneve .<\/strong> Prendre une limousine \u00e0 Gen\u00e8ve pour une importante r\u00e9union d&rsquo;affaires ou avec un client fait une d\u00e9claration. Lorsque vos associ\u00e9s verront que vous pouvez vous permettre de rouler avec style, leur opinion sur vous s&rsquo;am\u00e9liorera certainement. M\u00eame la location d&rsquo;une limousine pour les membres de la famille et les coll\u00e8gues proches fait une excellente impression. Le fait de savoir que vous vous souciez suffisamment de leur fournir les meilleurs services de transport leur donne une bonne impression pendant de nombreuses ann\u00e9es.<\/p>\n<p><strong>Gen\u00e8ve ways limousine rentable. Selon le nombre de personnes avec qui rouleront,<\/strong> \u00e0 certaines occasions, r\u00e9server une limousine \u00e0 Gen\u00e8ve peut \u00eatre plus rentable que de prendre un taxi \u00e0 Gen\u00e8ve ou de louer une voiture. les co\u00fbts commencent \u00e0 s&rsquo;additionner. Les services de limousine \u00e0 Gen\u00e8ve facturent traditionnellement \u00e0 l&rsquo;heure tandis que les services de taxi de Gen\u00e8ve facturent au km et \u00e0 la minute. Plus la distance est longue et plus vous avez de personnes, il est probablement plus rentable de louer une limousine \u00e0 Gen\u00e8ve.<\/p>\n<p><strong>La compagnie de limousine \u00e0 Gen\u00e8ve avec laquelle vous choisissez de travailler<\/strong> devrait \u00eatre en mesure de<img loading=\"lazy\" decoding=\"async\" class=\" wp-image-2181 alignright\" src=\"https:\/\/genevaways.com\/wp-content\/uploads\/2021\/01\/Transfer-from-Geneva-To-Zurich-www.Genevaways.com_-2.jpg\" alt=\"\" width=\"380\" height=\"326\" srcset=\"https:\/\/staging.genevaways.com\/wp-content\/uploads\/2021\/01\/Transfer-from-Geneva-To-Zurich-www.Genevaways.com_-2.jpg 480w, https:\/\/staging.genevaways.com\/wp-content\/uploads\/2021\/01\/Transfer-from-Geneva-To-Zurich-www.Genevaways.com_-2-300x258.jpg 300w, https:\/\/staging.genevaways.com\/wp-content\/uploads\/2021\/01\/Transfer-from-Geneva-To-Zurich-www.Genevaways.com_-2-100x86.jpg 100w\" sizes=\"(max-width: 380px) 100vw, 380px\" \/> r\u00e9pondre facilement \u00e0 vos besoins (transferts depuis l&rsquo;a\u00e9roport de Gen\u00e8ve, service de limousine \u00e0 Gen\u00e8ve) et ne pas vous causer de soucis quant aux services dont vous avez besoin. Lorsque vous travaillez avec l&rsquo;\u00e9quipe de limousine de Gen\u00e8ve, vous ne serez jamais d\u00e9\u00e7u de nos services et nous ferons tout ce qu&rsquo;il faut pour vous mettre et vous garder le sourire. Nous avons de nombreuses ann\u00e9es d&rsquo;exp\u00e9rience et avons gagn\u00e9 la confiance de nombreux clients dans toute la r\u00e9gion au fil des ans. Nous sommes l\u00e0 pour vous fournir les meilleurs services de limousine \u00e0 Gen\u00e8ve et Zurich.<\/p>\n<p><strong>Service de limousine \u00e0 Gen\u00e8ve et Zurich.<\/strong> Vous avez donc planifi\u00e9 votre \u00e9v\u00e9nement, mais maintenant vous essayez de trouver le meilleur moyen de vous rendre du point A au point B.Que ce soit votre mariage en Suisse, votre bal en Suisse ou que vous ayez simplement besoin d&rsquo;un transfert de ou \u00e0 l&rsquo;a\u00e9roport de Gen\u00e8ve, la location de notre fabuleux service de limousines \u00e0 Gen\u00e8ve est l&rsquo;un des meilleurs moyens de vous simplifier la vie en mati\u00e8re de transport. . avec autant de services de limousine genevois disponibles, transferts feurs \u00e0 Gen\u00e8ve, transferts ski de Gen\u00e8ve ou Zurich, chauffeur priv\u00e9 \u00e0 Gen\u00e8ve .[\/vc_column_text][\/vc_column][\/vc_row][vc_row][vc_column][vc_empty_space][\/vc_column][\/vc_row]<\/p>\n<\/div>","protected":false},"excerpt":{"rendered":"<p>[vc_row][vc_column][vc_column_text][\/vc_column_text][vc_row_inner css=\u00a0\u00bb.vc_custom_1551259097360{padding-top: 50px !important;padding-bottom: 10px !important;}\u00a0\u00bb el_class=\u00a0\u00bbicon-services\u00a0\u00bb][vc_column_inner width=\u00a0\u00bb1\/4&Prime;][vc_single_image image=\u00a0\u00bb1295&Prime; img_size=\u00a0\u00bbfull\u00a0\u00bb alignment=\u00a0\u00bbcenter\u00a0\u00bb][vc_column_text] Entrez le point de d\u00e9part et la destination. [\/vc_column_text][vc_column_text el_class=\u00a0\u00bbicon-services\u00a0\u00bb][\/vc_column_text][\/vc_column_inner][vc_column_inner width=\u00a0\u00bb1\/4&Prime;][vc_single_image image=\u00a0\u00bb1298&Prime; img_size=\u00a0\u00bbfull\u00a0\u00bb alignment=\u00a0\u00bbcenter\u00a0\u00bb][vc_column_text] Choisissez l\u2019une de nos cat\u00e9gories de v\u00e9hicule &nbsp; [\/vc_column_text][\/vc_column_inner][vc_column_inner width=\u00a0\u00bb1\/4&Prime;][vc_single_image image=\u00a0\u00bb1301&Prime; img_size=\u00a0\u00bbfull\u00a0\u00bb alignment=\u00a0\u00bbcenter\u00a0\u00bb][vc_column_text] Choisissez le mode de paiement &nbsp; &nbsp; [\/vc_column_text][\/vc_column_inner][vc_column_inner width=\u00a0\u00bb1\/4&Prime;][vc_single_image image=\u00a0\u00bb1304&Prime; img_size=\u00a0\u00bbfull\u00a0\u00bb alignment=\u00a0\u00bbcenter\u00a0\u00bb][vc_column_text] \u00a0Confirmation par email &nbsp; &nbsp;<\/p>\n","protected":false},"author":1,"featured_media":989,"parent":0,"menu_order":0,"comment_status":"closed","ping_status":"closed","template":"","meta":{"footnotes":""},"aioseo_notices":[],"_links":{"self":[{"href":"https:\/\/staging.genevaways.com\/fr\/wp-json\/wp\/v2\/pages\/1401"}],"collection":[{"href":"https:\/\/staging.genevaways.com\/fr\/wp-json\/wp\/v2\/pages"}],"about":[{"href":"https:\/\/staging.genevaways.com\/fr\/wp-json\/wp\/v2\/types\/page"}],"author":[{"embeddable":true,"href":"https:\/\/staging.genevaways.com\/fr\/wp-json\/wp\/v2\/users\/1"}],"replies":[{"embeddable":true,"href":"https:\/\/staging.genevaways.com\/fr\/wp-json\/wp\/v2\/comments?post=1401"}],"version-history":[{"count":18,"href":"https:\/\/staging.genevaways.com\/fr\/wp-json\/wp\/v2\/pages\/1401\/revisions"}],"predecessor-version":[{"id":2741,"href":"https:\/\/staging.genevaways.com\/fr\/wp-json\/wp\/v2\/pages\/1401\/revisions\/2741"}],"wp:featuredmedia":[{"embeddable":true,"href":"https:\/\/staging.genevaways.com\/fr\/wp-json\/wp\/v2\/media\/989"}],"wp:attachment":[{"href":"https:\/\/staging.genevaways.com\/fr\/wp-json\/wp\/v2\/media?parent=1401"}],"curies":[{"name":"wp","href":"https:\/\/api.w.org\/{rel}","templated":true}]}}