{"id":3,"date":"2018-12-12T11:34:34","date_gmt":"2018-12-12T10:34:34","guid":{"rendered":"https:\/\/genevaways.com\/?page_id=3"},"modified":"2023-09-17T15:53:44","modified_gmt":"2023-09-17T13:53:44","slug":"politique-de-confidentialite","status":"publish","type":"page","link":"https:\/\/staging.genevaways.com\/fr\/politique-de-confidentialite\/","title":{"rendered":"Termes &#038; conditions"},"content":{"rendered":"<div class=\"wpb-content-wrapper\"><p>[vc_row][vc_column]<h3 class=\"center-title\">Termes &amp; Conditions<\/h3><div class=\"title-block2\"><\/div>[\/vc_column][\/vc_row][vc_row][vc_column][vc_column_text]<\/p>\r\n<p><strong>1-LES CLIENTS<\/strong><\/p>\r\n<p>Le client est tenu de s&rsquo;assurer que toutes les informations transmises \u00e0 Geneva Ways par lui-m\u00eame ou en son nom par un tiers sont compl\u00e8tes et correctes : <strong>adesse<\/strong> <strong>Pickup , Date , Time , nom ,numero telephone , email adresse , Numbre des passagers et les Bagages<\/strong><\/p>\r\n<p><strong>2- IMPOSSIBILIT\u00c9 DE TRANSPORT<\/strong><\/p>\r\n<p>Le prestataire de Geneva Ways se r\u00e9serve le droit de refuser une course si, dans le cadre de la commande de course, le client a omis de mentionner ou n&rsquo;a pas mentionn\u00e9 correctement des exigences contraignantes , Le chauffeur de Geneva Ways\u00a0 peut refuser le transport de personnes ou de bagages dans la mesure o\u00f9 il estime que les exigences en mati\u00e8re d&rsquo;espace et de s\u00e9curit\u00e9 ne sont pas respect\u00e9es.<\/p>\r\n<p><strong>3-l&rsquo;Annulation<\/strong><\/p>\r\n<p>(A) le Transfert &amp; \u00c0 L&rsquo;HEURE<\/p>\r\n<p>l&rsquo;annulation est gratuite s&rsquo;il reste plus de <strong>48 heures<\/strong> avant l&rsquo;heure de la prise en charge a Gen\u00e9ve et seulement pour le vehicule E-Class &amp; V-Class &amp; S-Class . S&rsquo;il reste <strong>48 heures<\/strong> ou moins avant la prise en charge, le prix total doit \u00eatre pay\u00e9 . Une annulation ne peut \u00eatre effectu\u00e9e qu&rsquo;en utilisant la fonctionnalit\u00e9 d&rsquo;annulation de notre site Web.<\/p>\r\n<p>et pour Maybach et le Minibus et tout vehictule en Zurich\u00a0 l&rsquo;annulation est gratuite s&rsquo;il reste plus de <strong>72 heures<\/strong> avant l\u00b4heure de la prise en charge .<\/p>\r\n<p>Si une r\u00e9servation est effectu\u00e9e avec une carte de cr\u00e9dit ou PayPal et est annul\u00e9e dans la p\u00e9riode autoris\u00e9e, seule une d\u00e9duction de 5 % du montant total sera appliqu\u00e9e. Cette d\u00e9duction est destin\u00e9e aux taxes bancaires.<\/p>\r\n<p>L&rsquo;annulation ne peut \u00eatre que par mail.<\/p>\r\n<p>Si la soci\u00e9t\u00e9 n&rsquo;a pas de voiture disponible, la course sera annul\u00e9e, et le montant total sera rembours\u00e9 au client.<\/p>\r\n<p><strong>4-NON PR\u00c9SENTATION SANS ANNULATION, RETARD DE L&rsquo;UTILISATEUR<\/strong><\/p>\r\n<p>Dans le cas d&rsquo;une non pr\u00e9sentation sans annulation, l&rsquo;utilisateur perd ses droits vis-\u00e0-vis du prestataire de GW. Toutefois, cela n&rsquo;influence aucunement le droit de Geneva Ways\u00a0 \u00e0 un d\u00e9dommagement de la part de le client.<\/p>\r\n<p><strong>TRAJETS SIMPLES &amp; R\u00c9SERVATIONS \u00c0 L&rsquo;HEURE<\/strong><\/p>\r\n<p>On parle de non pr\u00e9sentation quand le client ou le passager n&rsquo;appara\u00eet pas au lieu de prise en charge dans les 30 minutes suivant l&rsquo;heure de prise en charge convenue, sans annulation pr\u00e9alable. En cas de non pr\u00e9sentation, la course devra \u00eatre pay\u00e9e dans son int\u00e9gralit\u00e9, le temps d&rsquo;attente n&rsquo;engendrera toutefois aucun frais suppl\u00e9mentaire.<\/p>\r\n<p>Pour les transferts a\u00e9roport on parle de non pr\u00e9sentation lorsque l&rsquo;utilisateur ou l&rsquo;invit\u00e9 ne se pr\u00e9sente pas au lieu pr\u00e9vu dans les 60 minutes suivant l&rsquo;heure de prise en charge convenue, sans annulation pr\u00e9alable. Toutefois, en cas de retard ou d&rsquo;avance de la part des transports a\u00e9riens , le chauffeur est en mesure d&rsquo;ajuster l&rsquo;heure de prise en charge en fonction du d\u00e9lai convenu entre l&rsquo;heure d&rsquo;arriv\u00e9e et l&rsquo;heure de prise en charge convenue dans le contrat. En cas de non pr\u00e9sentation, la course devra \u00eatre pay\u00e9e dans son int\u00e9gralit\u00e9, le temps d&rsquo;attente n&rsquo;engendrera toutefois aucun frais suppl\u00e9mentaire.<\/p>\r\n<p><strong>5-COMPORTEMENT DANS LE V\u00c9HICULE:<\/strong><\/p>\r\n<p>Pendant la dur\u00e9e totale de la course, tous les invit\u00e9s sont tenus de respecter les r\u00e8gles relatives au code de la route, en particulier en ce qui concerne le port de la ceinture de s\u00e9curit\u00e9. L&rsquo;utilisateur est tenu de respecter toute consigne \u00e9mise par le prestataire de le chauffeur. Le chauffeur est responsable de la s\u00e9curit\u00e9 durant la course. Il est donc interdit d&rsquo;ouvrir les portes pendant la course, de jeter des objets \u00e0 l&rsquo;ext\u00e9rieur du v\u00e9hicule et\/ou de sortir des parties du corps hors du v\u00e9hicule ou de crier pendant la course. Si l&rsquo;utilisateur souhaite utiliser lui-m\u00eame des appareils ou \u00e9quipements pr\u00e9sents dans v\u00e9hicule, il est tenu de respecter les instructions donn\u00e9es par notre Chauffeur.<\/p>\r\n<p>Il est interdit de fumer dans la partie du v\u00e9hicule r\u00e9serv\u00e9e aux invit\u00e9s. Si l&rsquo;utilisateur ou un invit\u00e9 ne respecte pas cette consigne, il sera tenu de payer les frais de nettoyage du v\u00e9hicule et une indemnisation couvrant le temps pendant lequel le v\u00e9hicule n\u2019a pas pu \u00eatre utilis\u00e9.<\/p>\r\n<p>Il n\u2019est pas autoris\u00e9 de manger dans le v\u00e9hicule. L&rsquo;apport et la consommation de boissons alcoolis\u00e9es requi\u00e8rent l&rsquo;accord pr\u00e9alable\u00a0 .<\/p>\r\n<p><strong>\u00a06-TEMPS D&rsquo;ATTENTE POUR LES TRAJETS SIMPLES<\/strong><\/p>\r\n<p>Pour les trajets simples, si le lieu de prise en charge est un a\u00e9roport les temps d&rsquo;attente allant jusqu&rsquo;\u00e0 60 minutes \u00e0 compter de l&rsquo;heure de prise en charge pr\u00e9vue, n&rsquo;engendrent aucun frais suppl\u00e9mentaire. Toutefois, en cas de retard ou d&rsquo;avance de la part des transports a\u00e9riens , le chauffeur est en mesure d&rsquo;ajuster l&rsquo;heure de prise en charge en fonction du d\u00e9lai convenu entre l&rsquo;heure d&rsquo;arriv\u00e9e et l&rsquo;heure de prise en charge pr\u00e9vue dans le contrat. Toute minute d&rsquo;attente suppl\u00e9mentaire sera factur\u00e9e selon un tarif forfaitaire tenant compte\u00a0 de la cat\u00e9gorie de v\u00e9hicule s\u00e9lectionn\u00e9e.<\/p>\r\n<p><strong>7-KILOM\u00c8TRES SUPPL\u00c9MENTAIRES POUR LES R\u00c9SERVATIONS \u00c0 L&rsquo;HEURE<\/strong><\/p>\r\n<p>Les r\u00e9servations \u00e0 l&rsquo;heure incluent le nombre de kilom\u00e8tres ( 25 par heure) tels que mentionn\u00e9s dans le formulaire de r\u00e9servation (ou par t\u00e9l\u00e9phone). Les kilom\u00e8tres suppl\u00e9mentaires feront l&rsquo;objet d&rsquo;un suppl\u00e9ment major\u00e9 en fonction des prix en vigueur de la cat\u00e9gorie de v\u00e9hicule s\u00e9lectionn\u00e9e.<\/p>\r\n<p>Mercedes-Benz E-Class\u00a0\u00a0\u00a0\u00a0\u00a0 1 KM Suppl\u00e9mentaire\u00a0 =\u00a0 2.5\u00a0\u00a0\u00a0 Euro<\/p>\r\n<p>Mercedes-Benz V-Class\u00a0\u00a0\u00a0\u00a0\u00a0 1 KM Suppl\u00e9mentaire\u00a0 =\u00a0 3\u00a0\u00a0\u00a0\u00a0\u00a0\u00a0 Euro<\/p>\r\n<p>Mercedes-Benz S-Class\u00a0\u00a0\u00a0\u00a0\u00a0 1 KM Suppl\u00e9mentaire\u00a0 =\u00a0 3.5\u00a0\u00a0\u00a0 Euro<\/p>\r\n<p>Mercedes-Benz Maybach\u00a0\u00a0\u00a0 1 KM Suppl\u00e9mentaire\u00a0 =\u00a0\u00a0 5\u00a0\u00a0\u00a0\u00a0\u00a0 Euro<\/p>\r\n<p>Mercedes-Sprinter Minibus\u00a0 1 KM Suppl\u00e9mentaire\u00a0 =\u00a0 4.5\u00a0\u00a0\u00a0 Euro<\/p>\r\n<p>8-<strong>Dans le cas o\u00f9 votre vol est retard\u00e9<\/strong>, l\u2019heure de prise en charge sera automatiquement adapt\u00e9e \u00e0 l&rsquo;heure d&rsquo;arriv\u00e9e du vol. Toutefois, si le vol est retard\u00e9 de plus d&rsquo;une heure, la Compagnie se r\u00e9serve le droit de lib\u00e9rer le chauffeur et de mettre votre r\u00e9servation en attente et d\u2019organiser votre transfert plus tard selon la disponibilit\u00e9.<\/p>\r\n<p>Si le vol est annul\u00e9, la Compagnie se r\u00e9serve le droit de lib\u00e9rer le chauffeur et de r\u00e9clamer un paiement du client: nous vous fournirons une facture, de sorte que vous pouvez demander le remboursement de la compagnie a\u00e9rienne ou de votre assurance voyage.<\/p>\r\n<p>9-<strong>Toutes les modifications<\/strong> se font selon la disponibilit\u00e9 .Les changements doivent nous \u00eatre notifi\u00e9s par mail, t\u00e9l\u00e9phone ou\u00a0 et deviennent effectives une fois que la Compagnie les a re\u00e7ues et confirm\u00e9es par email.<\/p>\r\n<p>10-<strong>En fonction de la disponibilit\u00e9<\/strong>, un surclassement de la cat\u00e9gorie de v\u00e9hicule \u00ab Business Class \u00bb dans une cat\u00e9gorie sup\u00e9rieure (par exemple \u00ab Business Van \u00bb ou \u00ab First Class \u00bb) sans frais suppl\u00e9mentaires pour l&rsquo;utilisateur est \u00e0 tout moment possible.<\/p>\r\n<p>Maybach\u00a0: si la r\u00e9servation moins de 12 heurs . Sous r\u00e9serve de disponibilit\u00e9. La soci\u00e9t\u00e9 peut envoyer la S-Class si Maybach n&rsquo;est pas disponible. le client paiera le prix de la S-Class .<\/p>\r\n<p>[\/vc_column_text][\/vc_column][\/vc_row]<\/p><\/div>","protected":false},"excerpt":{"rendered":"<p>[vc_row][vc_column][\/vc_column][\/vc_row][vc_row][vc_column][vc_column_text] 1-LES CLIENTS Le client est tenu de s&rsquo;assurer que toutes les informations transmises \u00e0 Geneva Ways par lui-m\u00eame ou en son nom par un tiers sont compl\u00e8tes et correctes : adesse Pickup , Date , Time , nom ,numero telephone , email adresse , Numbre des passagers et les Bagages 2- IMPOSSIBILIT\u00c9 DE TRANSPORT<\/p>\n","protected":false},"author":1,"featured_media":0,"parent":0,"menu_order":0,"comment_status":"closed","ping_status":"open","template":"","meta":{"footnotes":""},"aioseo_notices":[],"_links":{"self":[{"href":"https:\/\/staging.genevaways.com\/fr\/wp-json\/wp\/v2\/pages\/3"}],"collection":[{"href":"https:\/\/staging.genevaways.com\/fr\/wp-json\/wp\/v2\/pages"}],"about":[{"href":"https:\/\/staging.genevaways.com\/fr\/wp-json\/wp\/v2\/types\/page"}],"author":[{"embeddable":true,"href":"https:\/\/staging.genevaways.com\/fr\/wp-json\/wp\/v2\/users\/1"}],"replies":[{"embeddable":true,"href":"https:\/\/staging.genevaways.com\/fr\/wp-json\/wp\/v2\/comments?post=3"}],"version-history":[{"count":9,"href":"https:\/\/staging.genevaways.com\/fr\/wp-json\/wp\/v2\/pages\/3\/revisions"}],"predecessor-version":[{"id":2979,"href":"https:\/\/staging.genevaways.com\/fr\/wp-json\/wp\/v2\/pages\/3\/revisions\/2979"}],"wp:attachment":[{"href":"https:\/\/staging.genevaways.com\/fr\/wp-json\/wp\/v2\/media?parent=3"}],"curies":[{"name":"wp","href":"https:\/\/api.w.org\/{rel}","templated":true}]}}